{"id":22171,"date":"2024-01-10T15:15:41","date_gmt":"2024-01-10T14:15:41","guid":{"rendered":"https:\/\/marneantic.com\/?post_type=product&#038;p=22171"},"modified":"2024-01-10T15:17:14","modified_gmt":"2024-01-10T14:17:14","slug":"tasse-a-cafe-contemporaine-en-porcelaine-de-limoges-deshoulieres-2","status":"publish","type":"product","link":"https:\/\/marneantic.com\/index.php\/produit\/tasse-a-cafe-contemporaine-en-porcelaine-de-limoges-deshoulieres-2\/","title":{"rendered":"Tasse a caf\u00e9 contemporaine en porcelaine de Limoges, Deshouli\u00e8res"},"content":{"rendered":"","protected":false},"excerpt":{"rendered":"<div>\n<div>\n<p><strong><span style=\"font-size: large;\">Tasse a caf\u00e9 contemporaine en porcelaine de Limoges, Philippe Deshouli\u00e8res, en \u00e9tat neuf<\/span><\/strong><\/p>\n<div><strong>diametre:5.5cm<\/strong><\/div>\n<div><strong>hauteur:6cm<\/strong><\/div>\n<div><strong><span style=\"font-family: Arial; font-size: large;\">diam\u00e8tre<\/span> soucoupe:13.5cm<\/strong><\/div>\n<\/div>\n<\/div>\n<div><\/div>\n<div><\/div>\n","protected":false},"featured_media":22174,"comment_status":"closed","ping_status":"closed","template":"","meta":{"_et_pb_use_builder":"","_et_pb_old_content":"","_et_gb_content_width":""},"product_cat":[26,7],"product_tag":[],"_links":{"self":[{"href":"https:\/\/marneantic.com\/index.php\/wp-json\/wp\/v2\/product\/22171"}],"collection":[{"href":"https:\/\/marneantic.com\/index.php\/wp-json\/wp\/v2\/product"}],"about":[{"href":"https:\/\/marneantic.com\/index.php\/wp-json\/wp\/v2\/types\/product"}],"replies":[{"embeddable":true,"href":"https:\/\/marneantic.com\/index.php\/wp-json\/wp\/v2\/comments?post=22171"}],"wp:featuredmedia":[{"embeddable":true,"href":"https:\/\/marneantic.com\/index.php\/wp-json\/wp\/v2\/media\/22174"}],"wp:attachment":[{"href":"https:\/\/marneantic.com\/index.php\/wp-json\/wp\/v2\/media?parent=22171"}],"wp:term":[{"taxonomy":"product_cat","embeddable":true,"href":"https:\/\/marneantic.com\/index.php\/wp-json\/wp\/v2\/product_cat?post=22171"},{"taxonomy":"product_tag","embeddable":true,"href":"https:\/\/marneantic.com\/index.php\/wp-json\/wp\/v2\/product_tag?post=22171"}],"curies":[{"name":"wp","href":"https:\/\/api.w.org\/{rel}","templated":true}]}}