{"id":22214,"date":"2024-01-12T14:15:47","date_gmt":"2024-01-12T13:15:47","guid":{"rendered":"https:\/\/marneantic.com\/?post_type=product&#038;p=22214"},"modified":"2024-01-12T14:22:55","modified_gmt":"2024-01-12T13:22:55","slug":"boule-sulfure-presse-papier-ancienne-en-cristal-de-boheme","status":"publish","type":"product","link":"https:\/\/marneantic.com\/index.php\/produit\/boule-sulfure-presse-papier-ancienne-en-cristal-de-boheme\/","title":{"rendered":"Boule sulfure\/presse papier ancienne en cristal de Boh\u00e8me"},"content":{"rendered":"","protected":false},"excerpt":{"rendered":"<p><b>Boule sulfure\/presse papier ancienne en cristal bull\u00e9 de Boh\u00e8me, en tr\u00e8s bon \u00e9tat avec \u00e9tiquette d&rsquo;origine, diametre:8cm<\/b><\/p>\n<div><\/div>\n<div><\/div>\n<div><\/div>\n","protected":false},"featured_media":22215,"comment_status":"closed","ping_status":"closed","template":"","meta":{"_et_pb_use_builder":"","_et_pb_old_content":"","_et_gb_content_width":""},"product_cat":[14,8],"product_tag":[],"_links":{"self":[{"href":"https:\/\/marneantic.com\/index.php\/wp-json\/wp\/v2\/product\/22214"}],"collection":[{"href":"https:\/\/marneantic.com\/index.php\/wp-json\/wp\/v2\/product"}],"about":[{"href":"https:\/\/marneantic.com\/index.php\/wp-json\/wp\/v2\/types\/product"}],"replies":[{"embeddable":true,"href":"https:\/\/marneantic.com\/index.php\/wp-json\/wp\/v2\/comments?post=22214"}],"wp:featuredmedia":[{"embeddable":true,"href":"https:\/\/marneantic.com\/index.php\/wp-json\/wp\/v2\/media\/22215"}],"wp:attachment":[{"href":"https:\/\/marneantic.com\/index.php\/wp-json\/wp\/v2\/media?parent=22214"}],"wp:term":[{"taxonomy":"product_cat","embeddable":true,"href":"https:\/\/marneantic.com\/index.php\/wp-json\/wp\/v2\/product_cat?post=22214"},{"taxonomy":"product_tag","embeddable":true,"href":"https:\/\/marneantic.com\/index.php\/wp-json\/wp\/v2\/product_tag?post=22214"}],"curies":[{"name":"wp","href":"https:\/\/api.w.org\/{rel}","templated":true}]}}