{"id":22227,"date":"2024-01-12T15:16:28","date_gmt":"2024-01-12T14:16:28","guid":{"rendered":"https:\/\/marneantic.com\/?post_type=product&#038;p=22227"},"modified":"2024-01-12T15:23:21","modified_gmt":"2024-01-12T14:23:21","slug":"pichet-a-lait-en-faience-anglaise-staffordshire","status":"publish","type":"product","link":"https:\/\/marneantic.com\/index.php\/produit\/pichet-a-lait-en-faience-anglaise-staffordshire\/","title":{"rendered":"Pichet a lait en fa\u00efence Anglaise Staffordshire"},"content":{"rendered":"","protected":false},"excerpt":{"rendered":"<p>Pichet a lait en fa\u00efence Anglaise Staffordshire, en parfait \u00e9tat, longueur hors bec et poign\u00e9e:8.5cm, largeur:7.5cm, hauteur totale:10cm<\/p>\n","protected":false},"featured_media":22229,"comment_status":"closed","ping_status":"closed","template":"","meta":{"_et_pb_use_builder":"","_et_pb_old_content":"","_et_gb_content_width":""},"product_cat":[26,7],"product_tag":[],"_links":{"self":[{"href":"https:\/\/marneantic.com\/index.php\/wp-json\/wp\/v2\/product\/22227"}],"collection":[{"href":"https:\/\/marneantic.com\/index.php\/wp-json\/wp\/v2\/product"}],"about":[{"href":"https:\/\/marneantic.com\/index.php\/wp-json\/wp\/v2\/types\/product"}],"replies":[{"embeddable":true,"href":"https:\/\/marneantic.com\/index.php\/wp-json\/wp\/v2\/comments?post=22227"}],"wp:featuredmedia":[{"embeddable":true,"href":"https:\/\/marneantic.com\/index.php\/wp-json\/wp\/v2\/media\/22229"}],"wp:attachment":[{"href":"https:\/\/marneantic.com\/index.php\/wp-json\/wp\/v2\/media?parent=22227"}],"wp:term":[{"taxonomy":"product_cat","embeddable":true,"href":"https:\/\/marneantic.com\/index.php\/wp-json\/wp\/v2\/product_cat?post=22227"},{"taxonomy":"product_tag","embeddable":true,"href":"https:\/\/marneantic.com\/index.php\/wp-json\/wp\/v2\/product_tag?post=22227"}],"curies":[{"name":"wp","href":"https:\/\/api.w.org\/{rel}","templated":true}]}}