{"id":2223,"date":"2016-10-07T16:41:28","date_gmt":"2016-10-07T15:41:28","guid":{"rendered":"http:\/\/marneantic.com\/?post_type=product&#038;p=2223"},"modified":"2016-10-07T16:41:28","modified_gmt":"2016-10-07T15:41:28","slug":"flute-a-champagne-en-cristal-19eme","status":"publish","type":"product","link":"https:\/\/marneantic.com\/index.php\/produit\/flute-a-champagne-en-cristal-19eme\/","title":{"rendered":"Fl\u00fbte a champagne en cristal 19eme"},"content":{"rendered":"","protected":false},"excerpt":{"rendered":"<p>Fl\u00fbte a champagne en cristal 19eme,forme tulipe,d\u00e9cor a 10 facettes,pied goutte d&rsquo;eau,en tr\u00e8s bon \u00e9tat,hauteur:16.8cm,diametre du buvant:5cm,diametre du pied:6.7cm<\/p>\n","protected":false},"featured_media":2224,"comment_status":"open","ping_status":"closed","template":"","meta":{"_et_pb_use_builder":"","_et_pb_old_content":"","_et_gb_content_width":""},"product_cat":[10,11],"product_tag":[],"_links":{"self":[{"href":"https:\/\/marneantic.com\/index.php\/wp-json\/wp\/v2\/product\/2223"}],"collection":[{"href":"https:\/\/marneantic.com\/index.php\/wp-json\/wp\/v2\/product"}],"about":[{"href":"https:\/\/marneantic.com\/index.php\/wp-json\/wp\/v2\/types\/product"}],"replies":[{"embeddable":true,"href":"https:\/\/marneantic.com\/index.php\/wp-json\/wp\/v2\/comments?post=2223"}],"wp:featuredmedia":[{"embeddable":true,"href":"https:\/\/marneantic.com\/index.php\/wp-json\/wp\/v2\/media\/2224"}],"wp:attachment":[{"href":"https:\/\/marneantic.com\/index.php\/wp-json\/wp\/v2\/media?parent=2223"}],"wp:term":[{"taxonomy":"product_cat","embeddable":true,"href":"https:\/\/marneantic.com\/index.php\/wp-json\/wp\/v2\/product_cat?post=2223"},{"taxonomy":"product_tag","embeddable":true,"href":"https:\/\/marneantic.com\/index.php\/wp-json\/wp\/v2\/product_tag?post=2223"}],"curies":[{"name":"wp","href":"https:\/\/api.w.org\/{rel}","templated":true}]}}