{"id":22274,"date":"2024-01-16T14:28:21","date_gmt":"2024-01-16T13:28:21","guid":{"rendered":"https:\/\/marneantic.com\/?post_type=product&#038;p=22274"},"modified":"2024-01-16T14:35:43","modified_gmt":"2024-01-16T13:35:43","slug":"nappe-ancienne-damassee-240x165cm","status":"publish","type":"product","link":"https:\/\/marneantic.com\/index.php\/produit\/nappe-ancienne-damassee-240x165cm\/","title":{"rendered":"Nappe ancienne damass\u00e9e 240x165cm"},"content":{"rendered":"","protected":false},"excerpt":{"rendered":"<p><b>Nappe ancienne damass\u00e9e, d\u00e9cor a damier, 240x165cm en bon \u00e9tat( a signaler une reprise, voir photo). Linge lav\u00e9, v\u00e9rifi\u00e9 et repass\u00e9 sortie d&rsquo;armoire ancienne<\/b><\/p>\n","protected":false},"featured_media":22275,"comment_status":"open","ping_status":"closed","template":"","meta":{"_et_pb_use_builder":"","_et_pb_old_content":"","_et_gb_content_width":""},"product_cat":[33],"product_tag":[],"_links":{"self":[{"href":"https:\/\/marneantic.com\/index.php\/wp-json\/wp\/v2\/product\/22274"}],"collection":[{"href":"https:\/\/marneantic.com\/index.php\/wp-json\/wp\/v2\/product"}],"about":[{"href":"https:\/\/marneantic.com\/index.php\/wp-json\/wp\/v2\/types\/product"}],"replies":[{"embeddable":true,"href":"https:\/\/marneantic.com\/index.php\/wp-json\/wp\/v2\/comments?post=22274"}],"wp:featuredmedia":[{"embeddable":true,"href":"https:\/\/marneantic.com\/index.php\/wp-json\/wp\/v2\/media\/22275"}],"wp:attachment":[{"href":"https:\/\/marneantic.com\/index.php\/wp-json\/wp\/v2\/media?parent=22274"}],"wp:term":[{"taxonomy":"product_cat","embeddable":true,"href":"https:\/\/marneantic.com\/index.php\/wp-json\/wp\/v2\/product_cat?post=22274"},{"taxonomy":"product_tag","embeddable":true,"href":"https:\/\/marneantic.com\/index.php\/wp-json\/wp\/v2\/product_tag?post=22274"}],"curies":[{"name":"wp","href":"https:\/\/api.w.org\/{rel}","templated":true}]}}