{"id":2240,"date":"2016-10-10T15:41:41","date_gmt":"2016-10-10T14:41:41","guid":{"rendered":"http:\/\/marneantic.com\/?post_type=product&#038;p=2240"},"modified":"2016-10-10T15:41:41","modified_gmt":"2016-10-10T14:41:41","slug":"suspension-annees-70-plastique-rouge","status":"publish","type":"product","link":"https:\/\/marneantic.com\/index.php\/produit\/suspension-annees-70-plastique-rouge\/","title":{"rendered":"Suspension ann\u00e9es 70&prime; plastique rouge"},"content":{"rendered":"","protected":false},"excerpt":{"rendered":"<p>Suspension ann\u00e9es 70&rsquo;en plastique rouge,en tr\u00e8s bon \u00e9tat,hauteur:30cm,diametre:24cm<\/p>\n","protected":false},"featured_media":2241,"comment_status":"closed","ping_status":"closed","template":"","meta":{"_et_pb_use_builder":"","_et_pb_old_content":"","_et_gb_content_width":""},"product_cat":[24],"product_tag":[],"_links":{"self":[{"href":"https:\/\/marneantic.com\/index.php\/wp-json\/wp\/v2\/product\/2240"}],"collection":[{"href":"https:\/\/marneantic.com\/index.php\/wp-json\/wp\/v2\/product"}],"about":[{"href":"https:\/\/marneantic.com\/index.php\/wp-json\/wp\/v2\/types\/product"}],"replies":[{"embeddable":true,"href":"https:\/\/marneantic.com\/index.php\/wp-json\/wp\/v2\/comments?post=2240"}],"wp:featuredmedia":[{"embeddable":true,"href":"https:\/\/marneantic.com\/index.php\/wp-json\/wp\/v2\/media\/2241"}],"wp:attachment":[{"href":"https:\/\/marneantic.com\/index.php\/wp-json\/wp\/v2\/media?parent=2240"}],"wp:term":[{"taxonomy":"product_cat","embeddable":true,"href":"https:\/\/marneantic.com\/index.php\/wp-json\/wp\/v2\/product_cat?post=2240"},{"taxonomy":"product_tag","embeddable":true,"href":"https:\/\/marneantic.com\/index.php\/wp-json\/wp\/v2\/product_tag?post=2240"}],"curies":[{"name":"wp","href":"https:\/\/api.w.org\/{rel}","templated":true}]}}