{"id":22426,"date":"2024-01-25T14:49:55","date_gmt":"2024-01-25T13:49:55","guid":{"rendered":"https:\/\/marneantic.com\/?post_type=product&#038;p=22426"},"modified":"2024-01-25T14:56:52","modified_gmt":"2024-01-25T13:56:52","slug":"pince-a-sucre-art-deco-ancienne-en-metal-argente-en-ecrin","status":"publish","type":"product","link":"https:\/\/marneantic.com\/index.php\/produit\/pince-a-sucre-art-deco-ancienne-en-metal-argente-en-ecrin\/","title":{"rendered":"Pince a sucre art-d\u00e9co ancienne en m\u00e9tal argent\u00e9, en \u00e9crin"},"content":{"rendered":"","protected":false},"excerpt":{"rendered":"<p>Pince a sucre art-d\u00e9co ancienne en m\u00e9tal argent\u00e9 poin\u00e7onn\u00e9e, en tr\u00e8s bon \u00e9tat en \u00e9crin d&rsquo;origine, longueur:13.7cm<\/p>\n","protected":false},"featured_media":22428,"comment_status":"closed","ping_status":"closed","template":"","meta":{"_et_pb_use_builder":"","_et_pb_old_content":"","_et_gb_content_width":""},"product_cat":[12,10,44,29],"product_tag":[],"_links":{"self":[{"href":"https:\/\/marneantic.com\/index.php\/wp-json\/wp\/v2\/product\/22426"}],"collection":[{"href":"https:\/\/marneantic.com\/index.php\/wp-json\/wp\/v2\/product"}],"about":[{"href":"https:\/\/marneantic.com\/index.php\/wp-json\/wp\/v2\/types\/product"}],"replies":[{"embeddable":true,"href":"https:\/\/marneantic.com\/index.php\/wp-json\/wp\/v2\/comments?post=22426"}],"wp:featuredmedia":[{"embeddable":true,"href":"https:\/\/marneantic.com\/index.php\/wp-json\/wp\/v2\/media\/22428"}],"wp:attachment":[{"href":"https:\/\/marneantic.com\/index.php\/wp-json\/wp\/v2\/media?parent=22426"}],"wp:term":[{"taxonomy":"product_cat","embeddable":true,"href":"https:\/\/marneantic.com\/index.php\/wp-json\/wp\/v2\/product_cat?post=22426"},{"taxonomy":"product_tag","embeddable":true,"href":"https:\/\/marneantic.com\/index.php\/wp-json\/wp\/v2\/product_tag?post=22426"}],"curies":[{"name":"wp","href":"https:\/\/api.w.org\/{rel}","templated":true}]}}