{"id":22481,"date":"2024-01-30T14:05:50","date_gmt":"2024-01-30T13:05:50","guid":{"rendered":"https:\/\/marneantic.com\/?post_type=product&#038;p=22481"},"modified":"2024-01-30T14:17:22","modified_gmt":"2024-01-30T13:17:22","slug":"aquarelle-ancienne-tige-de-roses-encadree","status":"publish","type":"product","link":"https:\/\/marneantic.com\/index.php\/produit\/aquarelle-ancienne-tige-de-roses-encadree\/","title":{"rendered":"Aquarelle ancienne &#8211; tige de roses &#8211; encadr\u00e9e"},"content":{"rendered":"","protected":false},"excerpt":{"rendered":"<p><span style=\"font-family: Arial;\">Aquarelle sur papier ancienne &#8211; tige de roses, encadr\u00e9e, sous verre, cadre en bois et stuc dor\u00e9 et peint(petits \u00e9clats de stuc sur les angles, en bon \u00e9tat<\/span><\/p>\n<div><span style=\"font-family: Arial;\">dimension aquarelle:27x15cm<\/span><\/div>\n<div><span style=\"font-family: Arial;\">dimension totale:43.5&#215;30.5cm<\/span><\/div>\n","protected":false},"featured_media":22482,"comment_status":"open","ping_status":"closed","template":"","meta":{"_et_pb_use_builder":"","_et_pb_old_content":"","_et_gb_content_width":""},"product_cat":[14,8],"product_tag":[],"_links":{"self":[{"href":"https:\/\/marneantic.com\/index.php\/wp-json\/wp\/v2\/product\/22481"}],"collection":[{"href":"https:\/\/marneantic.com\/index.php\/wp-json\/wp\/v2\/product"}],"about":[{"href":"https:\/\/marneantic.com\/index.php\/wp-json\/wp\/v2\/types\/product"}],"replies":[{"embeddable":true,"href":"https:\/\/marneantic.com\/index.php\/wp-json\/wp\/v2\/comments?post=22481"}],"wp:featuredmedia":[{"embeddable":true,"href":"https:\/\/marneantic.com\/index.php\/wp-json\/wp\/v2\/media\/22482"}],"wp:attachment":[{"href":"https:\/\/marneantic.com\/index.php\/wp-json\/wp\/v2\/media?parent=22481"}],"wp:term":[{"taxonomy":"product_cat","embeddable":true,"href":"https:\/\/marneantic.com\/index.php\/wp-json\/wp\/v2\/product_cat?post=22481"},{"taxonomy":"product_tag","embeddable":true,"href":"https:\/\/marneantic.com\/index.php\/wp-json\/wp\/v2\/product_tag?post=22481"}],"curies":[{"name":"wp","href":"https:\/\/api.w.org\/{rel}","templated":true}]}}