{"id":22552,"date":"2024-02-01T15:30:38","date_gmt":"2024-02-01T14:30:38","guid":{"rendered":"https:\/\/marneantic.com\/?post_type=product&#038;p=22552"},"modified":"2024-02-01T15:42:08","modified_gmt":"2024-02-01T14:42:08","slug":"verre-gobelet-bleu-emaille-ancien-prenom-paul","status":"publish","type":"product","link":"https:\/\/marneantic.com\/index.php\/produit\/verre-gobelet-bleu-emaille-ancien-prenom-paul\/","title":{"rendered":"Verre gobelet bleu \u00e9maill\u00e9 ancien, pr\u00e9nom PAUL"},"content":{"rendered":"","protected":false},"excerpt":{"rendered":"<p>Verre gobelet bleu \u00e9maill\u00e9 ancien, d\u00e9cor floral et pr\u00e9nom PAUL, en tr\u00e8s bon \u00e9tat, hauteur:10.4cm, diam\u00e8tre:6.6cm<\/p>\n","protected":false},"featured_media":22553,"comment_status":"closed","ping_status":"closed","template":"","meta":{"_et_pb_use_builder":"","_et_pb_old_content":"","_et_gb_content_width":""},"product_cat":[14,11],"product_tag":[],"_links":{"self":[{"href":"https:\/\/marneantic.com\/index.php\/wp-json\/wp\/v2\/product\/22552"}],"collection":[{"href":"https:\/\/marneantic.com\/index.php\/wp-json\/wp\/v2\/product"}],"about":[{"href":"https:\/\/marneantic.com\/index.php\/wp-json\/wp\/v2\/types\/product"}],"replies":[{"embeddable":true,"href":"https:\/\/marneantic.com\/index.php\/wp-json\/wp\/v2\/comments?post=22552"}],"wp:featuredmedia":[{"embeddable":true,"href":"https:\/\/marneantic.com\/index.php\/wp-json\/wp\/v2\/media\/22553"}],"wp:attachment":[{"href":"https:\/\/marneantic.com\/index.php\/wp-json\/wp\/v2\/media?parent=22552"}],"wp:term":[{"taxonomy":"product_cat","embeddable":true,"href":"https:\/\/marneantic.com\/index.php\/wp-json\/wp\/v2\/product_cat?post=22552"},{"taxonomy":"product_tag","embeddable":true,"href":"https:\/\/marneantic.com\/index.php\/wp-json\/wp\/v2\/product_tag?post=22552"}],"curies":[{"name":"wp","href":"https:\/\/api.w.org\/{rel}","templated":true}]}}