{"id":2258,"date":"2016-10-12T17:09:59","date_gmt":"2016-10-12T16:09:59","guid":{"rendered":"http:\/\/marneantic.com\/?post_type=product&#038;p=2258"},"modified":"2021-04-28T20:42:59","modified_gmt":"2021-04-28T19:42:59","slug":"verre-a-liqueur-ancien-en-cristal-grave","status":"publish","type":"product","link":"https:\/\/marneantic.com\/index.php\/produit\/verre-a-liqueur-ancien-en-cristal-grave\/","title":{"rendered":"Verre a liqueur ancien en cristal grav\u00e9"},"content":{"rendered":"","protected":false},"excerpt":{"rendered":"<p>Verre a liqueur ancien en cristal grav\u00e9,en tr\u00e8s bon \u00e9tat,hauteur:10.3cm,diam\u00e8tre du buvant:3.8cm,diametre du pied:4.2cm<\/p>\n","protected":false},"featured_media":2259,"comment_status":"closed","ping_status":"closed","template":"","meta":{"_et_pb_use_builder":"","_et_pb_old_content":"","_et_gb_content_width":""},"product_cat":[10,11],"product_tag":[],"_links":{"self":[{"href":"https:\/\/marneantic.com\/index.php\/wp-json\/wp\/v2\/product\/2258"}],"collection":[{"href":"https:\/\/marneantic.com\/index.php\/wp-json\/wp\/v2\/product"}],"about":[{"href":"https:\/\/marneantic.com\/index.php\/wp-json\/wp\/v2\/types\/product"}],"replies":[{"embeddable":true,"href":"https:\/\/marneantic.com\/index.php\/wp-json\/wp\/v2\/comments?post=2258"}],"wp:featuredmedia":[{"embeddable":true,"href":"https:\/\/marneantic.com\/index.php\/wp-json\/wp\/v2\/media\/2259"}],"wp:attachment":[{"href":"https:\/\/marneantic.com\/index.php\/wp-json\/wp\/v2\/media?parent=2258"}],"wp:term":[{"taxonomy":"product_cat","embeddable":true,"href":"https:\/\/marneantic.com\/index.php\/wp-json\/wp\/v2\/product_cat?post=2258"},{"taxonomy":"product_tag","embeddable":true,"href":"https:\/\/marneantic.com\/index.php\/wp-json\/wp\/v2\/product_tag?post=2258"}],"curies":[{"name":"wp","href":"https:\/\/api.w.org\/{rel}","templated":true}]}}