{"id":22618,"date":"2024-02-14T13:56:55","date_gmt":"2024-02-14T12:56:55","guid":{"rendered":"https:\/\/marneantic.com\/?post_type=product&#038;p=22618"},"modified":"2024-02-14T14:06:35","modified_gmt":"2024-02-14T13:06:35","slug":"4-serviettes-de-table-anciennes-monogrammees","status":"publish","type":"product","link":"https:\/\/marneantic.com\/index.php\/produit\/4-serviettes-de-table-anciennes-monogrammees\/","title":{"rendered":"4 serviettes de table anciennes monogramm\u00e9es"},"content":{"rendered":"","protected":false},"excerpt":{"rendered":"<p>4 serviettes de table anciennes monogramm\u00e9es en bon \u00e9tat(pr\u00e9sence d&rsquo;un petit trou sur l&rsquo;une d&rsquo;elles), dimensions:60x55cm, linge lav\u00e9, repass\u00e9 et v\u00e9rifi\u00e9<\/p>\n","protected":false},"featured_media":22622,"comment_status":"open","ping_status":"closed","template":"","meta":{"_et_pb_use_builder":"","_et_pb_old_content":"","_et_gb_content_width":""},"product_cat":[33],"product_tag":[],"_links":{"self":[{"href":"https:\/\/marneantic.com\/index.php\/wp-json\/wp\/v2\/product\/22618"}],"collection":[{"href":"https:\/\/marneantic.com\/index.php\/wp-json\/wp\/v2\/product"}],"about":[{"href":"https:\/\/marneantic.com\/index.php\/wp-json\/wp\/v2\/types\/product"}],"replies":[{"embeddable":true,"href":"https:\/\/marneantic.com\/index.php\/wp-json\/wp\/v2\/comments?post=22618"}],"wp:featuredmedia":[{"embeddable":true,"href":"https:\/\/marneantic.com\/index.php\/wp-json\/wp\/v2\/media\/22622"}],"wp:attachment":[{"href":"https:\/\/marneantic.com\/index.php\/wp-json\/wp\/v2\/media?parent=22618"}],"wp:term":[{"taxonomy":"product_cat","embeddable":true,"href":"https:\/\/marneantic.com\/index.php\/wp-json\/wp\/v2\/product_cat?post=22618"},{"taxonomy":"product_tag","embeddable":true,"href":"https:\/\/marneantic.com\/index.php\/wp-json\/wp\/v2\/product_tag?post=22618"}],"curies":[{"name":"wp","href":"https:\/\/api.w.org\/{rel}","templated":true}]}}