{"id":22669,"date":"2024-02-16T15:53:20","date_gmt":"2024-02-16T14:53:20","guid":{"rendered":"https:\/\/marneantic.com\/?post_type=product&#038;p=22669"},"modified":"2024-02-16T16:00:01","modified_gmt":"2024-02-16T15:00:01","slug":"moutardier-ancien-en-cristal-val-st-lambert","status":"publish","type":"product","link":"https:\/\/marneantic.com\/index.php\/produit\/moutardier-ancien-en-cristal-val-st-lambert\/","title":{"rendered":"Moutardier ancien en cristal Val St Lambert"},"content":{"rendered":"","protected":false},"excerpt":{"rendered":"<p>Moutardier ancien en cristal Val St Lambert avec cuill\u00e8re cristal \u00e9galement, en parfait \u00e9tat, hauteur:10.5cm, diametre:6.4cm<\/p>\n","protected":false},"featured_media":22670,"comment_status":"closed","ping_status":"closed","template":"","meta":{"_et_pb_use_builder":"","_et_pb_old_content":"","_et_gb_content_width":""},"product_cat":[13,10,11],"product_tag":[],"_links":{"self":[{"href":"https:\/\/marneantic.com\/index.php\/wp-json\/wp\/v2\/product\/22669"}],"collection":[{"href":"https:\/\/marneantic.com\/index.php\/wp-json\/wp\/v2\/product"}],"about":[{"href":"https:\/\/marneantic.com\/index.php\/wp-json\/wp\/v2\/types\/product"}],"replies":[{"embeddable":true,"href":"https:\/\/marneantic.com\/index.php\/wp-json\/wp\/v2\/comments?post=22669"}],"wp:featuredmedia":[{"embeddable":true,"href":"https:\/\/marneantic.com\/index.php\/wp-json\/wp\/v2\/media\/22670"}],"wp:attachment":[{"href":"https:\/\/marneantic.com\/index.php\/wp-json\/wp\/v2\/media?parent=22669"}],"wp:term":[{"taxonomy":"product_cat","embeddable":true,"href":"https:\/\/marneantic.com\/index.php\/wp-json\/wp\/v2\/product_cat?post=22669"},{"taxonomy":"product_tag","embeddable":true,"href":"https:\/\/marneantic.com\/index.php\/wp-json\/wp\/v2\/product_tag?post=22669"}],"curies":[{"name":"wp","href":"https:\/\/api.w.org\/{rel}","templated":true}]}}