{"id":22677,"date":"2024-02-16T16:27:35","date_gmt":"2024-02-16T15:27:35","guid":{"rendered":"https:\/\/marneantic.com\/?post_type=product&#038;p=22677"},"modified":"2024-02-16T16:34:23","modified_gmt":"2024-02-16T15:34:23","slug":"pot-couvert-ancien-en-cristal-grave","status":"publish","type":"product","link":"https:\/\/marneantic.com\/index.php\/produit\/pot-couvert-ancien-en-cristal-grave\/","title":{"rendered":"Pot couvert ancien en cristal grav\u00e9"},"content":{"rendered":"","protected":false},"excerpt":{"rendered":"<p>Pot couvert ancien en cristal grav\u00e9, en parfait \u00e9tat, hauteur totale:7cm,diametre:6.7cm<\/p>\n","protected":false},"featured_media":22678,"comment_status":"open","ping_status":"closed","template":"","meta":{"_et_pb_use_builder":"","_et_pb_old_content":"","_et_gb_content_width":""},"product_cat":[14,8],"product_tag":[],"_links":{"self":[{"href":"https:\/\/marneantic.com\/index.php\/wp-json\/wp\/v2\/product\/22677"}],"collection":[{"href":"https:\/\/marneantic.com\/index.php\/wp-json\/wp\/v2\/product"}],"about":[{"href":"https:\/\/marneantic.com\/index.php\/wp-json\/wp\/v2\/types\/product"}],"replies":[{"embeddable":true,"href":"https:\/\/marneantic.com\/index.php\/wp-json\/wp\/v2\/comments?post=22677"}],"wp:featuredmedia":[{"embeddable":true,"href":"https:\/\/marneantic.com\/index.php\/wp-json\/wp\/v2\/media\/22678"}],"wp:attachment":[{"href":"https:\/\/marneantic.com\/index.php\/wp-json\/wp\/v2\/media?parent=22677"}],"wp:term":[{"taxonomy":"product_cat","embeddable":true,"href":"https:\/\/marneantic.com\/index.php\/wp-json\/wp\/v2\/product_cat?post=22677"},{"taxonomy":"product_tag","embeddable":true,"href":"https:\/\/marneantic.com\/index.php\/wp-json\/wp\/v2\/product_tag?post=22677"}],"curies":[{"name":"wp","href":"https:\/\/api.w.org\/{rel}","templated":true}]}}