{"id":2270,"date":"2016-10-15T09:27:18","date_gmt":"2016-10-15T08:27:18","guid":{"rendered":"http:\/\/marneantic.com\/?post_type=product&#038;p=2270"},"modified":"2016-10-17T15:41:23","modified_gmt":"2016-10-17T14:41:23","slug":"superbe-cafetiere-monogrammee-19emeporcelaine-de-limoges","status":"publish","type":"product","link":"https:\/\/marneantic.com\/index.php\/produit\/superbe-cafetiere-monogrammee-19emeporcelaine-de-limoges\/","title":{"rendered":"Superbe cafeti\u00e8re monogramm\u00e9e 19eme,porcelaine de Limoges"},"content":{"rendered":"","protected":false},"excerpt":{"rendered":"<p>Superbe cafeti\u00e8re monogramm\u00e9e 19eme en porcelaine de Limoges,tampon du magasin Gauvain a paris rue d&rsquo;auteville,en parfait \u00e9tat,d\u00e9cor peint main d&rsquo;une grande finesse,monogramme C,hauteur avec couvercle:27cm,diametre hors bec et poign\u00e9e:14cm<\/p>\n","protected":false},"featured_media":2271,"comment_status":"closed","ping_status":"closed","template":"","meta":{"_et_pb_use_builder":"","_et_pb_old_content":"","_et_gb_content_width":""},"product_cat":[26,7],"product_tag":[],"_links":{"self":[{"href":"https:\/\/marneantic.com\/index.php\/wp-json\/wp\/v2\/product\/2270"}],"collection":[{"href":"https:\/\/marneantic.com\/index.php\/wp-json\/wp\/v2\/product"}],"about":[{"href":"https:\/\/marneantic.com\/index.php\/wp-json\/wp\/v2\/types\/product"}],"replies":[{"embeddable":true,"href":"https:\/\/marneantic.com\/index.php\/wp-json\/wp\/v2\/comments?post=2270"}],"wp:featuredmedia":[{"embeddable":true,"href":"https:\/\/marneantic.com\/index.php\/wp-json\/wp\/v2\/media\/2271"}],"wp:attachment":[{"href":"https:\/\/marneantic.com\/index.php\/wp-json\/wp\/v2\/media?parent=2270"}],"wp:term":[{"taxonomy":"product_cat","embeddable":true,"href":"https:\/\/marneantic.com\/index.php\/wp-json\/wp\/v2\/product_cat?post=2270"},{"taxonomy":"product_tag","embeddable":true,"href":"https:\/\/marneantic.com\/index.php\/wp-json\/wp\/v2\/product_tag?post=2270"}],"curies":[{"name":"wp","href":"https:\/\/api.w.org\/{rel}","templated":true}]}}