{"id":22734,"date":"2024-02-21T13:46:05","date_gmt":"2024-02-21T12:46:05","guid":{"rendered":"https:\/\/marneantic.com\/?post_type=product&#038;p=22734"},"modified":"2024-02-21T13:54:58","modified_gmt":"2024-02-21T12:54:58","slug":"drap-denfant-ancien-brode-200x150cm","status":"publish","type":"product","link":"https:\/\/marneantic.com\/index.php\/produit\/drap-denfant-ancien-brode-200x150cm\/","title":{"rendered":"Drap d&rsquo;enfant ancien brod\u00e9: 200x150cm"},"content":{"rendered":"","protected":false},"excerpt":{"rendered":"<p>Drap d&rsquo;enfant ancien brod\u00e9: 200x150cm avec broderies au retour :200x150cm,en tr\u00e8s bon \u00e9tat( a signaler 2 petites taches de rouilles qui ont \u00e9chapp\u00e9es a notre lavage), linge lav\u00e9, v\u00e9rifi\u00e9 et repass\u00e9 sortie d&rsquo;armoire ancienne<\/p>\n","protected":false},"featured_media":22739,"comment_status":"open","ping_status":"closed","template":"","meta":{"_et_pb_use_builder":"","_et_pb_old_content":"","_et_gb_content_width":""},"product_cat":[33],"product_tag":[],"_links":{"self":[{"href":"https:\/\/marneantic.com\/index.php\/wp-json\/wp\/v2\/product\/22734"}],"collection":[{"href":"https:\/\/marneantic.com\/index.php\/wp-json\/wp\/v2\/product"}],"about":[{"href":"https:\/\/marneantic.com\/index.php\/wp-json\/wp\/v2\/types\/product"}],"replies":[{"embeddable":true,"href":"https:\/\/marneantic.com\/index.php\/wp-json\/wp\/v2\/comments?post=22734"}],"wp:featuredmedia":[{"embeddable":true,"href":"https:\/\/marneantic.com\/index.php\/wp-json\/wp\/v2\/media\/22739"}],"wp:attachment":[{"href":"https:\/\/marneantic.com\/index.php\/wp-json\/wp\/v2\/media?parent=22734"}],"wp:term":[{"taxonomy":"product_cat","embeddable":true,"href":"https:\/\/marneantic.com\/index.php\/wp-json\/wp\/v2\/product_cat?post=22734"},{"taxonomy":"product_tag","embeddable":true,"href":"https:\/\/marneantic.com\/index.php\/wp-json\/wp\/v2\/product_tag?post=22734"}],"curies":[{"name":"wp","href":"https:\/\/api.w.org\/{rel}","templated":true}]}}