{"id":22743,"date":"2024-02-22T14:39:59","date_gmt":"2024-02-22T13:39:59","guid":{"rendered":"https:\/\/marneantic.com\/?post_type=product&#038;p=22743"},"modified":"2024-02-22T14:50:40","modified_gmt":"2024-02-22T13:50:40","slug":"drap-ancien-brode-290x220cm","status":"publish","type":"product","link":"https:\/\/marneantic.com\/index.php\/produit\/drap-ancien-brode-290x220cm\/","title":{"rendered":"Drap ancien brod\u00e9: 290x220cm"},"content":{"rendered":"","protected":false},"excerpt":{"rendered":"<p>Drap ancien brod\u00e9: 290x220cm avec large broderie au retour+ broderie de jours, en tr\u00e8s bon \u00e9tat( a signaler quelques petites taches de rouilles qui ont \u00e9chapp\u00e9es a notre lavage), linge lav\u00e9, v\u00e9rifi\u00e9 et repass\u00e9 sortie d&rsquo;armoire ancienne<\/p>\n","protected":false},"featured_media":22748,"comment_status":"open","ping_status":"closed","template":"","meta":{"_et_pb_use_builder":"","_et_pb_old_content":"","_et_gb_content_width":""},"product_cat":[33],"product_tag":[],"_links":{"self":[{"href":"https:\/\/marneantic.com\/index.php\/wp-json\/wp\/v2\/product\/22743"}],"collection":[{"href":"https:\/\/marneantic.com\/index.php\/wp-json\/wp\/v2\/product"}],"about":[{"href":"https:\/\/marneantic.com\/index.php\/wp-json\/wp\/v2\/types\/product"}],"replies":[{"embeddable":true,"href":"https:\/\/marneantic.com\/index.php\/wp-json\/wp\/v2\/comments?post=22743"}],"wp:featuredmedia":[{"embeddable":true,"href":"https:\/\/marneantic.com\/index.php\/wp-json\/wp\/v2\/media\/22748"}],"wp:attachment":[{"href":"https:\/\/marneantic.com\/index.php\/wp-json\/wp\/v2\/media?parent=22743"}],"wp:term":[{"taxonomy":"product_cat","embeddable":true,"href":"https:\/\/marneantic.com\/index.php\/wp-json\/wp\/v2\/product_cat?post=22743"},{"taxonomy":"product_tag","embeddable":true,"href":"https:\/\/marneantic.com\/index.php\/wp-json\/wp\/v2\/product_tag?post=22743"}],"curies":[{"name":"wp","href":"https:\/\/api.w.org\/{rel}","templated":true}]}}