{"id":22800,"date":"2024-02-28T14:23:58","date_gmt":"2024-02-28T13:23:58","guid":{"rendered":"https:\/\/marneantic.com\/?post_type=product&#038;p=22800"},"modified":"2024-02-28T14:36:04","modified_gmt":"2024-02-28T13:36:04","slug":"saliere-ancienne-en-cristal-et-argent","status":"publish","type":"product","link":"https:\/\/marneantic.com\/index.php\/produit\/saliere-ancienne-en-cristal-et-argent\/","title":{"rendered":"Sali\u00e8re ancienne en cristal et argent"},"content":{"rendered":"","protected":false},"excerpt":{"rendered":"<p>Sali\u00e8re ancienne en cristal et bouchon en argent ( poin\u00e7on crabe ), en bon \u00e9tat, a signaler une bosse(photo 3) hauteur:5.5cm, diam\u00e8tre de la base:3.5cm<\/p>\n","protected":false},"featured_media":22803,"comment_status":"closed","ping_status":"closed","template":"","meta":{"_et_pb_use_builder":"","_et_pb_old_content":"","_et_gb_content_width":""},"product_cat":[13,10],"product_tag":[],"_links":{"self":[{"href":"https:\/\/marneantic.com\/index.php\/wp-json\/wp\/v2\/product\/22800"}],"collection":[{"href":"https:\/\/marneantic.com\/index.php\/wp-json\/wp\/v2\/product"}],"about":[{"href":"https:\/\/marneantic.com\/index.php\/wp-json\/wp\/v2\/types\/product"}],"replies":[{"embeddable":true,"href":"https:\/\/marneantic.com\/index.php\/wp-json\/wp\/v2\/comments?post=22800"}],"wp:featuredmedia":[{"embeddable":true,"href":"https:\/\/marneantic.com\/index.php\/wp-json\/wp\/v2\/media\/22803"}],"wp:attachment":[{"href":"https:\/\/marneantic.com\/index.php\/wp-json\/wp\/v2\/media?parent=22800"}],"wp:term":[{"taxonomy":"product_cat","embeddable":true,"href":"https:\/\/marneantic.com\/index.php\/wp-json\/wp\/v2\/product_cat?post=22800"},{"taxonomy":"product_tag","embeddable":true,"href":"https:\/\/marneantic.com\/index.php\/wp-json\/wp\/v2\/product_tag?post=22800"}],"curies":[{"name":"wp","href":"https:\/\/api.w.org\/{rel}","templated":true}]}}