{"id":22830,"date":"2024-02-29T15:44:30","date_gmt":"2024-02-29T14:44:30","guid":{"rendered":"https:\/\/marneantic.com\/?post_type=product&#038;p=22830"},"modified":"2024-02-29T15:51:03","modified_gmt":"2024-02-29T14:51:03","slug":"coupe-sur-pied-ancienne-en-porcelaine-de-limoges-haviland-2","status":"publish","type":"product","link":"https:\/\/marneantic.com\/index.php\/produit\/coupe-sur-pied-ancienne-en-porcelaine-de-limoges-haviland-2\/","title":{"rendered":"Coupe sur pied ancienne en porcelaine de Limoges Haviland"},"content":{"rendered":"","protected":false},"excerpt":{"rendered":"<p>Coupe sur pied ancienne en porcelaine de Limoges(manufacture Haviland) , en tr\u00e8s bon \u00e9tat, usure de la dorure du rebord par endroits, diam\u00e8tre:23.2cm, hauteur:7cm<\/p>\n","protected":false},"featured_media":22831,"comment_status":"closed","ping_status":"closed","template":"","meta":{"_et_pb_use_builder":"","_et_pb_old_content":"","_et_gb_content_width":""},"product_cat":[13,10,28,7],"product_tag":[],"_links":{"self":[{"href":"https:\/\/marneantic.com\/index.php\/wp-json\/wp\/v2\/product\/22830"}],"collection":[{"href":"https:\/\/marneantic.com\/index.php\/wp-json\/wp\/v2\/product"}],"about":[{"href":"https:\/\/marneantic.com\/index.php\/wp-json\/wp\/v2\/types\/product"}],"replies":[{"embeddable":true,"href":"https:\/\/marneantic.com\/index.php\/wp-json\/wp\/v2\/comments?post=22830"}],"wp:featuredmedia":[{"embeddable":true,"href":"https:\/\/marneantic.com\/index.php\/wp-json\/wp\/v2\/media\/22831"}],"wp:attachment":[{"href":"https:\/\/marneantic.com\/index.php\/wp-json\/wp\/v2\/media?parent=22830"}],"wp:term":[{"taxonomy":"product_cat","embeddable":true,"href":"https:\/\/marneantic.com\/index.php\/wp-json\/wp\/v2\/product_cat?post=22830"},{"taxonomy":"product_tag","embeddable":true,"href":"https:\/\/marneantic.com\/index.php\/wp-json\/wp\/v2\/product_tag?post=22830"}],"curies":[{"name":"wp","href":"https:\/\/api.w.org\/{rel}","templated":true}]}}