{"id":22912,"date":"2024-03-06T15:07:43","date_gmt":"2024-03-06T14:07:43","guid":{"rendered":"https:\/\/marneantic.com\/?post_type=product&#038;p=22912"},"modified":"2024-03-06T15:11:59","modified_gmt":"2024-03-06T14:11:59","slug":"paire-de-chaises-cannees-anciennes-en-bois-blond-2","status":"publish","type":"product","link":"https:\/\/marneantic.com\/index.php\/produit\/paire-de-chaises-cannees-anciennes-en-bois-blond-2\/","title":{"rendered":"Paire de chaises cann\u00e9es anciennes en bois blond"},"content":{"rendered":"","protected":false},"excerpt":{"rendered":"<p>Paire de chaises cann\u00e9es anciennes en bois blond, en bon \u00e9tat, le cannage a quelques manques sur une des deux<br \/>\nhauteur dossier:84cm<br \/>\nhauteur assise:45cm<br \/>\nlargeur:39.5cm<br \/>\nprofondeur:36.5cm<br \/>\nLes produits propos\u00e9s dans notre boutique sont anciens, ils peuvent pr\u00e9sent\u00e9s des traces d\u2019usure, d&rsquo;usage ou rayures qui donnent au produit son caract\u00e8re et son authenticit\u00e9, ils sont pr\u00e9sent\u00e9s au mieux dans la description, \u00e0 travers photos et textes, merci de bien les regarder. Les livraisons assur\u00e9es par nos soins se feront uniquement le samedi matin pour paris et la petite couronne.<\/p>\n<p>pas d&rsquo;exp\u00e9dition postale pour cet article, remise en main propre domicile ou livraison possible en r\u00e9gion parisienne(conditions sur demande)<\/p>\n<p>&nbsp;<\/p>\n","protected":false},"featured_media":22913,"comment_status":"open","ping_status":"closed","template":"","meta":{"_et_pb_use_builder":"","_et_pb_old_content":"","_et_gb_content_width":""},"product_cat":[31,16],"product_tag":[],"_links":{"self":[{"href":"https:\/\/marneantic.com\/index.php\/wp-json\/wp\/v2\/product\/22912"}],"collection":[{"href":"https:\/\/marneantic.com\/index.php\/wp-json\/wp\/v2\/product"}],"about":[{"href":"https:\/\/marneantic.com\/index.php\/wp-json\/wp\/v2\/types\/product"}],"replies":[{"embeddable":true,"href":"https:\/\/marneantic.com\/index.php\/wp-json\/wp\/v2\/comments?post=22912"}],"wp:featuredmedia":[{"embeddable":true,"href":"https:\/\/marneantic.com\/index.php\/wp-json\/wp\/v2\/media\/22913"}],"wp:attachment":[{"href":"https:\/\/marneantic.com\/index.php\/wp-json\/wp\/v2\/media?parent=22912"}],"wp:term":[{"taxonomy":"product_cat","embeddable":true,"href":"https:\/\/marneantic.com\/index.php\/wp-json\/wp\/v2\/product_cat?post=22912"},{"taxonomy":"product_tag","embeddable":true,"href":"https:\/\/marneantic.com\/index.php\/wp-json\/wp\/v2\/product_tag?post=22912"}],"curies":[{"name":"wp","href":"https:\/\/api.w.org\/{rel}","templated":true}]}}