{"id":22921,"date":"2024-03-08T16:35:13","date_gmt":"2024-03-08T15:35:13","guid":{"rendered":"https:\/\/marneantic.com\/?post_type=product&#038;p=22921"},"modified":"2025-06-27T14:46:57","modified_gmt":"2025-06-27T13:46:57","slug":"tableau-ancien-huile-sur-toile-bouquet-de-fleurs","status":"publish","type":"product","link":"https:\/\/marneantic.com\/index.php\/produit\/tableau-ancien-huile-sur-toile-bouquet-de-fleurs\/","title":{"rendered":"Tableau ancien huile sur toile &#8211; bouquet de fleurs"},"content":{"rendered":"","protected":false},"excerpt":{"rendered":"<p>Tableau ancien huile sur toile &#8211; bouquet de fleurs, bon \u00e9tat malgr\u00e9 la pr\u00e9sence de 2 trous, sign\u00e9 Benoit GEBELIN en bas a gauche<br \/>\ndimensions:81x65cm<\/p>\n","protected":false},"featured_media":22922,"comment_status":"open","ping_status":"closed","template":"","meta":{"_et_pb_use_builder":"","_et_pb_old_content":"","_et_gb_content_width":""},"product_cat":[47],"product_tag":[],"_links":{"self":[{"href":"https:\/\/marneantic.com\/index.php\/wp-json\/wp\/v2\/product\/22921"}],"collection":[{"href":"https:\/\/marneantic.com\/index.php\/wp-json\/wp\/v2\/product"}],"about":[{"href":"https:\/\/marneantic.com\/index.php\/wp-json\/wp\/v2\/types\/product"}],"replies":[{"embeddable":true,"href":"https:\/\/marneantic.com\/index.php\/wp-json\/wp\/v2\/comments?post=22921"}],"wp:featuredmedia":[{"embeddable":true,"href":"https:\/\/marneantic.com\/index.php\/wp-json\/wp\/v2\/media\/22922"}],"wp:attachment":[{"href":"https:\/\/marneantic.com\/index.php\/wp-json\/wp\/v2\/media?parent=22921"}],"wp:term":[{"taxonomy":"product_cat","embeddable":true,"href":"https:\/\/marneantic.com\/index.php\/wp-json\/wp\/v2\/product_cat?post=22921"},{"taxonomy":"product_tag","embeddable":true,"href":"https:\/\/marneantic.com\/index.php\/wp-json\/wp\/v2\/product_tag?post=22921"}],"curies":[{"name":"wp","href":"https:\/\/api.w.org\/{rel}","templated":true}]}}