{"id":22931,"date":"2024-03-09T15:48:38","date_gmt":"2024-03-09T14:48:38","guid":{"rendered":"https:\/\/marneantic.com\/?post_type=product&#038;p=22931"},"modified":"2024-03-09T15:49:51","modified_gmt":"2024-03-09T14:49:51","slug":"pot-a-creme-ancien-en-porcelaine-de-limoges-3","status":"publish","type":"product","link":"https:\/\/marneantic.com\/index.php\/produit\/pot-a-creme-ancien-en-porcelaine-de-limoges-3\/","title":{"rendered":"Pot \u00e0 cr\u00e8me ancien en porcelaine de Limoges"},"content":{"rendered":"","protected":false},"excerpt":{"rendered":"<p>pot \u00e0 cr\u00e8me ancien en porcelaine de Limoges, manufacture Balleroy&amp;Cie, en tr\u00e8s bon \u00e9tat<\/p>\n<div>hauteur:8.5cm avec couvercle<\/div>\n<div>diametre:5.5cm<\/div>\n<div><\/div>\n","protected":false},"featured_media":22932,"comment_status":"open","ping_status":"closed","template":"","meta":{"_et_pb_use_builder":"","_et_pb_old_content":"","_et_gb_content_width":""},"product_cat":[28,7],"product_tag":[],"_links":{"self":[{"href":"https:\/\/marneantic.com\/index.php\/wp-json\/wp\/v2\/product\/22931"}],"collection":[{"href":"https:\/\/marneantic.com\/index.php\/wp-json\/wp\/v2\/product"}],"about":[{"href":"https:\/\/marneantic.com\/index.php\/wp-json\/wp\/v2\/types\/product"}],"replies":[{"embeddable":true,"href":"https:\/\/marneantic.com\/index.php\/wp-json\/wp\/v2\/comments?post=22931"}],"wp:featuredmedia":[{"embeddable":true,"href":"https:\/\/marneantic.com\/index.php\/wp-json\/wp\/v2\/media\/22932"}],"wp:attachment":[{"href":"https:\/\/marneantic.com\/index.php\/wp-json\/wp\/v2\/media?parent=22931"}],"wp:term":[{"taxonomy":"product_cat","embeddable":true,"href":"https:\/\/marneantic.com\/index.php\/wp-json\/wp\/v2\/product_cat?post=22931"},{"taxonomy":"product_tag","embeddable":true,"href":"https:\/\/marneantic.com\/index.php\/wp-json\/wp\/v2\/product_tag?post=22931"}],"curies":[{"name":"wp","href":"https:\/\/api.w.org\/{rel}","templated":true}]}}