{"id":22969,"date":"2024-03-11T15:02:41","date_gmt":"2024-03-11T14:02:41","guid":{"rendered":"https:\/\/marneantic.com\/?post_type=product&#038;p=22969"},"modified":"2024-03-11T15:07:38","modified_gmt":"2024-03-11T14:07:38","slug":"paire-de-chenets-modernistes","status":"publish","type":"product","link":"https:\/\/marneantic.com\/index.php\/produit\/paire-de-chenets-modernistes\/","title":{"rendered":"Paire de chenets modernistes"},"content":{"rendered":"","protected":false},"excerpt":{"rendered":"<p>Paire de chenets modernistes en acier, en tr\u00e8s bon \u00e9tat<br \/>\nlongueur:40cm<br \/>\nlargeur:17.5cm<br \/>\nhauteur partie avant:34.5cm<br \/>\nLes produits propos\u00e9s dans notre boutique sont anciens, ils peuvent pr\u00e9sent\u00e9s des traces d\u2019usure, d&rsquo;usage ou rayures qui donnent au produit son caract\u00e8re et son authenticit\u00e9, ils sont pr\u00e9sent\u00e9s au mieux dans la description, \u00e0 travers photos et textes, merci de bien les regarder.<\/p>\n","protected":false},"featured_media":22970,"comment_status":"open","ping_status":"closed","template":"","meta":{"_et_pb_use_builder":"","_et_pb_old_content":"","_et_gb_content_width":""},"product_cat":[8],"product_tag":[],"_links":{"self":[{"href":"https:\/\/marneantic.com\/index.php\/wp-json\/wp\/v2\/product\/22969"}],"collection":[{"href":"https:\/\/marneantic.com\/index.php\/wp-json\/wp\/v2\/product"}],"about":[{"href":"https:\/\/marneantic.com\/index.php\/wp-json\/wp\/v2\/types\/product"}],"replies":[{"embeddable":true,"href":"https:\/\/marneantic.com\/index.php\/wp-json\/wp\/v2\/comments?post=22969"}],"wp:featuredmedia":[{"embeddable":true,"href":"https:\/\/marneantic.com\/index.php\/wp-json\/wp\/v2\/media\/22970"}],"wp:attachment":[{"href":"https:\/\/marneantic.com\/index.php\/wp-json\/wp\/v2\/media?parent=22969"}],"wp:term":[{"taxonomy":"product_cat","embeddable":true,"href":"https:\/\/marneantic.com\/index.php\/wp-json\/wp\/v2\/product_cat?post=22969"},{"taxonomy":"product_tag","embeddable":true,"href":"https:\/\/marneantic.com\/index.php\/wp-json\/wp\/v2\/product_tag?post=22969"}],"curies":[{"name":"wp","href":"https:\/\/api.w.org\/{rel}","templated":true}]}}