{"id":23097,"date":"2024-03-20T17:36:26","date_gmt":"2024-03-20T16:36:26","guid":{"rendered":"https:\/\/marneantic.com\/?post_type=product&#038;p=23097"},"modified":"2024-03-20T17:47:05","modified_gmt":"2024-03-20T16:47:05","slug":"bureau-a-caisson-dadministration-ancien-en-chene","status":"publish","type":"product","link":"https:\/\/marneantic.com\/index.php\/produit\/bureau-a-caisson-dadministration-ancien-en-chene\/","title":{"rendered":"Bureau a caisson d&rsquo;administration ancien en ch\u00eane"},"content":{"rendered":"","protected":false},"excerpt":{"rendered":"<p>Bureau a caisson d&rsquo;administration ancien en ch\u00eane clair, l&rsquo;ensemble est en ch\u00eane sauf le plateau qui est un bois de placage recouvert de simili cuir(traces d&rsquo;usage)en bon \u00e9tat<br \/>\n8 tiroirs avec 9 poign\u00e9es coquilles en aluminium( un tiroir est double)<br \/>\nlargeur:153cm<br \/>\nprofondeur:85cm<br \/>\nhauteur:77cm<br \/>\nhauteur passage des jambes:62cm<br \/>\nLes produits propos\u00e9s dans notre boutique sont anciens, ils peuvent pr\u00e9sent\u00e9s des traces d\u2019usure, d&rsquo;usage ou rayures qui donnent au produit son caract\u00e8re et son authenticit\u00e9, ils sont pr\u00e9sent\u00e9s au mieux dans la description, \u00e0 travers photos et textes, merci de bien les regarder. Les livraisons assur\u00e9es par nos soins se feront uniquement le samedi matin pour paris et la petite couronne.<\/p>\n","protected":false},"featured_media":23098,"comment_status":"open","ping_status":"closed","template":"","meta":{"_et_pb_use_builder":"","_et_pb_old_content":"","_et_gb_content_width":""},"product_cat":[31,16],"product_tag":[],"_links":{"self":[{"href":"https:\/\/marneantic.com\/index.php\/wp-json\/wp\/v2\/product\/23097"}],"collection":[{"href":"https:\/\/marneantic.com\/index.php\/wp-json\/wp\/v2\/product"}],"about":[{"href":"https:\/\/marneantic.com\/index.php\/wp-json\/wp\/v2\/types\/product"}],"replies":[{"embeddable":true,"href":"https:\/\/marneantic.com\/index.php\/wp-json\/wp\/v2\/comments?post=23097"}],"wp:featuredmedia":[{"embeddable":true,"href":"https:\/\/marneantic.com\/index.php\/wp-json\/wp\/v2\/media\/23098"}],"wp:attachment":[{"href":"https:\/\/marneantic.com\/index.php\/wp-json\/wp\/v2\/media?parent=23097"}],"wp:term":[{"taxonomy":"product_cat","embeddable":true,"href":"https:\/\/marneantic.com\/index.php\/wp-json\/wp\/v2\/product_cat?post=23097"},{"taxonomy":"product_tag","embeddable":true,"href":"https:\/\/marneantic.com\/index.php\/wp-json\/wp\/v2\/product_tag?post=23097"}],"curies":[{"name":"wp","href":"https:\/\/api.w.org\/{rel}","templated":true}]}}