{"id":2312,"date":"2016-10-20T10:19:00","date_gmt":"2016-10-20T09:19:00","guid":{"rendered":"http:\/\/marneantic.com\/index.php\/produit\/assiette-decorative-faienceemaux-longwy-2\/"},"modified":"2016-10-20T10:24:52","modified_gmt":"2016-10-20T09:24:52","slug":"assiette-decorative-faienceemaux-longwy-2","status":"publish","type":"product","link":"https:\/\/marneantic.com\/index.php\/produit\/assiette-decorative-faienceemaux-longwy-2\/","title":{"rendered":"Assiette d\u00e9corative fa\u00efence\/\u00e9maux Longwy"},"content":{"rendered":"","protected":false},"excerpt":{"rendered":"<p>Assiette d\u00e9corative en fa\u00efence\/\u00e9maux\u00a0de Longwy,d\u00e9cor\u00a0\u00bble cerf\u00a0\u00bben parfait \u00e9tat<\/p>\n","protected":false},"featured_media":2313,"comment_status":"closed","ping_status":"closed","template":"","meta":{"_et_pb_use_builder":"","_et_pb_old_content":"","_et_gb_content_width":""},"product_cat":[8],"product_tag":[],"_links":{"self":[{"href":"https:\/\/marneantic.com\/index.php\/wp-json\/wp\/v2\/product\/2312"}],"collection":[{"href":"https:\/\/marneantic.com\/index.php\/wp-json\/wp\/v2\/product"}],"about":[{"href":"https:\/\/marneantic.com\/index.php\/wp-json\/wp\/v2\/types\/product"}],"replies":[{"embeddable":true,"href":"https:\/\/marneantic.com\/index.php\/wp-json\/wp\/v2\/comments?post=2312"}],"wp:featuredmedia":[{"embeddable":true,"href":"https:\/\/marneantic.com\/index.php\/wp-json\/wp\/v2\/media\/2313"}],"wp:attachment":[{"href":"https:\/\/marneantic.com\/index.php\/wp-json\/wp\/v2\/media?parent=2312"}],"wp:term":[{"taxonomy":"product_cat","embeddable":true,"href":"https:\/\/marneantic.com\/index.php\/wp-json\/wp\/v2\/product_cat?post=2312"},{"taxonomy":"product_tag","embeddable":true,"href":"https:\/\/marneantic.com\/index.php\/wp-json\/wp\/v2\/product_tag?post=2312"}],"curies":[{"name":"wp","href":"https:\/\/api.w.org\/{rel}","templated":true}]}}