{"id":23130,"date":"2024-03-22T14:39:54","date_gmt":"2024-03-22T13:39:54","guid":{"rendered":"https:\/\/marneantic.com\/?post_type=product&#038;p=23130"},"modified":"2024-03-22T14:51:21","modified_gmt":"2024-03-22T13:51:21","slug":"pince-en-metal-argente-ancienne","status":"publish","type":"product","link":"https:\/\/marneantic.com\/index.php\/produit\/pince-en-metal-argente-ancienne\/","title":{"rendered":"Pince en m\u00e9tal argent\u00e9 ancienne"},"content":{"rendered":"","protected":false},"excerpt":{"rendered":"<p><span style=\"font-size: large;\">Pince en m\u00e9tal argent\u00e9 ancienne en bon \u00e9tat, usage inconnu , traces d&rsquo;utilisation<\/span><\/p>\n<div><span style=\"font-size: large;\">longueur:18cm<\/span><\/div>\n","protected":false},"featured_media":23131,"comment_status":"closed","ping_status":"closed","template":"","meta":{"_et_pb_use_builder":"","_et_pb_old_content":"","_et_gb_content_width":""},"product_cat":[12,10,29],"product_tag":[],"_links":{"self":[{"href":"https:\/\/marneantic.com\/index.php\/wp-json\/wp\/v2\/product\/23130"}],"collection":[{"href":"https:\/\/marneantic.com\/index.php\/wp-json\/wp\/v2\/product"}],"about":[{"href":"https:\/\/marneantic.com\/index.php\/wp-json\/wp\/v2\/types\/product"}],"replies":[{"embeddable":true,"href":"https:\/\/marneantic.com\/index.php\/wp-json\/wp\/v2\/comments?post=23130"}],"wp:featuredmedia":[{"embeddable":true,"href":"https:\/\/marneantic.com\/index.php\/wp-json\/wp\/v2\/media\/23131"}],"wp:attachment":[{"href":"https:\/\/marneantic.com\/index.php\/wp-json\/wp\/v2\/media?parent=23130"}],"wp:term":[{"taxonomy":"product_cat","embeddable":true,"href":"https:\/\/marneantic.com\/index.php\/wp-json\/wp\/v2\/product_cat?post=23130"},{"taxonomy":"product_tag","embeddable":true,"href":"https:\/\/marneantic.com\/index.php\/wp-json\/wp\/v2\/product_tag?post=23130"}],"curies":[{"name":"wp","href":"https:\/\/api.w.org\/{rel}","templated":true}]}}