{"id":23141,"date":"2024-03-22T15:28:40","date_gmt":"2024-03-22T14:28:40","guid":{"rendered":"https:\/\/marneantic.com\/?post_type=product&#038;p=23141"},"modified":"2024-03-22T15:33:45","modified_gmt":"2024-03-22T14:33:45","slug":"saliere-ancienne-en-verre-moule-2","status":"publish","type":"product","link":"https:\/\/marneantic.com\/index.php\/produit\/saliere-ancienne-en-verre-moule-2\/","title":{"rendered":"Sali\u00e8re ancienne en verre moul\u00e9"},"content":{"rendered":"","protected":false},"excerpt":{"rendered":"<p>sali\u00e8re ancienne en verre moul\u00e9, en tr\u00e8s bon \u00e9tat,longueur:13.8cm,largeur:6.2cm,hauteur a la poign\u00e9e:9cm<\/p>\n","protected":false},"featured_media":23142,"comment_status":"closed","ping_status":"closed","template":"","meta":{"_et_pb_use_builder":"","_et_pb_old_content":"","_et_gb_content_width":""},"product_cat":[13,10],"product_tag":[],"_links":{"self":[{"href":"https:\/\/marneantic.com\/index.php\/wp-json\/wp\/v2\/product\/23141"}],"collection":[{"href":"https:\/\/marneantic.com\/index.php\/wp-json\/wp\/v2\/product"}],"about":[{"href":"https:\/\/marneantic.com\/index.php\/wp-json\/wp\/v2\/types\/product"}],"replies":[{"embeddable":true,"href":"https:\/\/marneantic.com\/index.php\/wp-json\/wp\/v2\/comments?post=23141"}],"wp:featuredmedia":[{"embeddable":true,"href":"https:\/\/marneantic.com\/index.php\/wp-json\/wp\/v2\/media\/23142"}],"wp:attachment":[{"href":"https:\/\/marneantic.com\/index.php\/wp-json\/wp\/v2\/media?parent=23141"}],"wp:term":[{"taxonomy":"product_cat","embeddable":true,"href":"https:\/\/marneantic.com\/index.php\/wp-json\/wp\/v2\/product_cat?post=23141"},{"taxonomy":"product_tag","embeddable":true,"href":"https:\/\/marneantic.com\/index.php\/wp-json\/wp\/v2\/product_tag?post=23141"}],"curies":[{"name":"wp","href":"https:\/\/api.w.org\/{rel}","templated":true}]}}