{"id":23155,"date":"2024-03-22T16:00:58","date_gmt":"2024-03-22T15:00:58","guid":{"rendered":"https:\/\/marneantic.com\/?post_type=product&#038;p=23155"},"modified":"2024-03-22T16:08:25","modified_gmt":"2024-03-22T15:08:25","slug":"coupe-sur-pied-ancienne-en-verre-moule-et-pied-regule","status":"publish","type":"product","link":"https:\/\/marneantic.com\/index.php\/produit\/coupe-sur-pied-ancienne-en-verre-moule-et-pied-regule\/","title":{"rendered":"Coupe sur pied ancienne en verre moul\u00e9 et pied r\u00e9gule"},"content":{"rendered":"","protected":false},"excerpt":{"rendered":"<p>Coupe sur pied ancienne en verre moul\u00e9 et pied r\u00e9gule patine bronze a d\u00e9cor de vignes, en bon \u00e9tat, hauteur:14cm, diametre:15.5cm<\/p>\n","protected":false},"featured_media":23156,"comment_status":"closed","ping_status":"closed","template":"","meta":{"_et_pb_use_builder":"","_et_pb_old_content":"","_et_gb_content_width":""},"product_cat":[13,10,14,8,11],"product_tag":[],"_links":{"self":[{"href":"https:\/\/marneantic.com\/index.php\/wp-json\/wp\/v2\/product\/23155"}],"collection":[{"href":"https:\/\/marneantic.com\/index.php\/wp-json\/wp\/v2\/product"}],"about":[{"href":"https:\/\/marneantic.com\/index.php\/wp-json\/wp\/v2\/types\/product"}],"replies":[{"embeddable":true,"href":"https:\/\/marneantic.com\/index.php\/wp-json\/wp\/v2\/comments?post=23155"}],"wp:featuredmedia":[{"embeddable":true,"href":"https:\/\/marneantic.com\/index.php\/wp-json\/wp\/v2\/media\/23156"}],"wp:attachment":[{"href":"https:\/\/marneantic.com\/index.php\/wp-json\/wp\/v2\/media?parent=23155"}],"wp:term":[{"taxonomy":"product_cat","embeddable":true,"href":"https:\/\/marneantic.com\/index.php\/wp-json\/wp\/v2\/product_cat?post=23155"},{"taxonomy":"product_tag","embeddable":true,"href":"https:\/\/marneantic.com\/index.php\/wp-json\/wp\/v2\/product_tag?post=23155"}],"curies":[{"name":"wp","href":"https:\/\/api.w.org\/{rel}","templated":true}]}}