{"id":23173,"date":"2024-03-25T14:55:48","date_gmt":"2024-03-25T13:55:48","guid":{"rendered":"https:\/\/marneantic.com\/?post_type=product&#038;p=23173"},"modified":"2024-03-25T15:06:08","modified_gmt":"2024-03-25T14:06:08","slug":"saladier-vintage-en-faience-de-st-clement","status":"publish","type":"product","link":"https:\/\/marneantic.com\/index.php\/produit\/saladier-vintage-en-faience-de-st-clement\/","title":{"rendered":"Saladier vintage en fa\u00efence de St Cl\u00e9ment"},"content":{"rendered":"","protected":false},"excerpt":{"rendered":"<p>Saladier vintage en fa\u00efence de St Cl\u00e9ment, en bon \u00e9tat<\/p>\n<div><span style=\"font-family: Arial;\">diametre:27.8cm hors poign\u00e9es<\/span><\/div>\n<div><span style=\"font-family: Arial;\">hauteur:10.2cm<\/span><\/div>\n","protected":false},"featured_media":23177,"comment_status":"open","ping_status":"closed","template":"","meta":{"_et_pb_use_builder":"","_et_pb_old_content":"","_et_gb_content_width":""},"product_cat":[28,16,7],"product_tag":[],"_links":{"self":[{"href":"https:\/\/marneantic.com\/index.php\/wp-json\/wp\/v2\/product\/23173"}],"collection":[{"href":"https:\/\/marneantic.com\/index.php\/wp-json\/wp\/v2\/product"}],"about":[{"href":"https:\/\/marneantic.com\/index.php\/wp-json\/wp\/v2\/types\/product"}],"replies":[{"embeddable":true,"href":"https:\/\/marneantic.com\/index.php\/wp-json\/wp\/v2\/comments?post=23173"}],"wp:featuredmedia":[{"embeddable":true,"href":"https:\/\/marneantic.com\/index.php\/wp-json\/wp\/v2\/media\/23177"}],"wp:attachment":[{"href":"https:\/\/marneantic.com\/index.php\/wp-json\/wp\/v2\/media?parent=23173"}],"wp:term":[{"taxonomy":"product_cat","embeddable":true,"href":"https:\/\/marneantic.com\/index.php\/wp-json\/wp\/v2\/product_cat?post=23173"},{"taxonomy":"product_tag","embeddable":true,"href":"https:\/\/marneantic.com\/index.php\/wp-json\/wp\/v2\/product_tag?post=23173"}],"curies":[{"name":"wp","href":"https:\/\/api.w.org\/{rel}","templated":true}]}}