{"id":23201,"date":"2024-03-26T15:38:51","date_gmt":"2024-03-26T14:38:51","guid":{"rendered":"https:\/\/marneantic.com\/?post_type=product&#038;p=23201"},"modified":"2024-03-26T15:40:33","modified_gmt":"2024-03-26T14:40:33","slug":"porte-savon-ancien-en-faience-modele-boston","status":"publish","type":"product","link":"https:\/\/marneantic.com\/index.php\/produit\/porte-savon-ancien-en-faience-modele-boston\/","title":{"rendered":"Porte savon ancien en fa\u00efence mod\u00e8le Boston"},"content":{"rendered":"","protected":false},"excerpt":{"rendered":"<p><b><span style=\"color: #666666; font-family: Open Sans, Arial, sans-serif;\">Porte savon ancien en fa\u00efence mod\u00e8le Boston en parfait \u00e9tat<\/span><br \/>\n<\/b><\/p>\n<div><b>longueur:13cm<\/b><\/div>\n<div><b>largeur:8.8cm<\/b><\/div>\n<div><b>hauteur:2.3cm<\/b><\/div>\n","protected":false},"featured_media":23205,"comment_status":"closed","ping_status":"closed","template":"","meta":{"_et_pb_use_builder":"","_et_pb_old_content":"","_et_gb_content_width":""},"product_cat":[44,8],"product_tag":[],"_links":{"self":[{"href":"https:\/\/marneantic.com\/index.php\/wp-json\/wp\/v2\/product\/23201"}],"collection":[{"href":"https:\/\/marneantic.com\/index.php\/wp-json\/wp\/v2\/product"}],"about":[{"href":"https:\/\/marneantic.com\/index.php\/wp-json\/wp\/v2\/types\/product"}],"replies":[{"embeddable":true,"href":"https:\/\/marneantic.com\/index.php\/wp-json\/wp\/v2\/comments?post=23201"}],"wp:featuredmedia":[{"embeddable":true,"href":"https:\/\/marneantic.com\/index.php\/wp-json\/wp\/v2\/media\/23205"}],"wp:attachment":[{"href":"https:\/\/marneantic.com\/index.php\/wp-json\/wp\/v2\/media?parent=23201"}],"wp:term":[{"taxonomy":"product_cat","embeddable":true,"href":"https:\/\/marneantic.com\/index.php\/wp-json\/wp\/v2\/product_cat?post=23201"},{"taxonomy":"product_tag","embeddable":true,"href":"https:\/\/marneantic.com\/index.php\/wp-json\/wp\/v2\/product_tag?post=23201"}],"curies":[{"name":"wp","href":"https:\/\/api.w.org\/{rel}","templated":true}]}}