{"id":23356,"date":"2024-04-10T15:37:06","date_gmt":"2024-04-10T14:37:06","guid":{"rendered":"https:\/\/marneantic.com\/?post_type=product&#038;p=23356"},"modified":"2024-04-10T15:45:45","modified_gmt":"2024-04-10T14:45:45","slug":"table-basse-annees-70","status":"publish","type":"product","link":"https:\/\/marneantic.com\/index.php\/produit\/table-basse-annees-70\/","title":{"rendered":"Table basse ann\u00e9es 70&prime;"},"content":{"rendered":"","protected":false},"excerpt":{"rendered":"<p>Table basse roulante ann\u00e9es 70&prime;, structure en m\u00e9tal, plateau inferieur en verre fum\u00e9 et plateau sup\u00e9rieur de type formica imitation bois<br \/>\nen bon \u00e9tat g\u00e9n\u00e9ral, a signaler 2 petits \u00e9clats sur le champ lat\u00e9ral du plateau sup\u00e9rieur et traces d&rsquo;usage sur le plateau<br \/>\nle plateau pivote l\u00e9g\u00e8rement, sur la photo il est au maximum<br \/>\ndimensions: 84&#215;43.5cm<br \/>\nhauteur: 54cm<\/p>\n<p>pas d&rsquo;exp\u00e9dition postale pour cet article, remise en main propre domicile ou livraison possible en r\u00e9gion parisienne(conditions sur demande). Les produits propos\u00e9s dans notre boutique sont anciens, ils peuvent pr\u00e9sent\u00e9s des traces d\u2019usure, d&rsquo;usage ou rayures qui donnent au produit son caract\u00e8re et son authenticit\u00e9, ils sont pr\u00e9sent\u00e9s au mieux dans la description, \u00e0 travers photos et textes, merci de bien les regarder.<br \/>\nLes livraisons assur\u00e9es par nos soins se feront uniquement le samedi matin pour Paris et la petite couronne<\/p>\n","protected":false},"featured_media":23357,"comment_status":"open","ping_status":"closed","template":"","meta":{"_et_pb_use_builder":"","_et_pb_old_content":"","_et_gb_content_width":""},"product_cat":[31,16],"product_tag":[],"_links":{"self":[{"href":"https:\/\/marneantic.com\/index.php\/wp-json\/wp\/v2\/product\/23356"}],"collection":[{"href":"https:\/\/marneantic.com\/index.php\/wp-json\/wp\/v2\/product"}],"about":[{"href":"https:\/\/marneantic.com\/index.php\/wp-json\/wp\/v2\/types\/product"}],"replies":[{"embeddable":true,"href":"https:\/\/marneantic.com\/index.php\/wp-json\/wp\/v2\/comments?post=23356"}],"wp:featuredmedia":[{"embeddable":true,"href":"https:\/\/marneantic.com\/index.php\/wp-json\/wp\/v2\/media\/23357"}],"wp:attachment":[{"href":"https:\/\/marneantic.com\/index.php\/wp-json\/wp\/v2\/media?parent=23356"}],"wp:term":[{"taxonomy":"product_cat","embeddable":true,"href":"https:\/\/marneantic.com\/index.php\/wp-json\/wp\/v2\/product_cat?post=23356"},{"taxonomy":"product_tag","embeddable":true,"href":"https:\/\/marneantic.com\/index.php\/wp-json\/wp\/v2\/product_tag?post=23356"}],"curies":[{"name":"wp","href":"https:\/\/api.w.org\/{rel}","templated":true}]}}