{"id":23392,"date":"2024-04-18T13:27:02","date_gmt":"2024-04-18T12:27:02","guid":{"rendered":"https:\/\/marneantic.com\/?post_type=product&#038;p=23392"},"modified":"2024-04-18T13:29:39","modified_gmt":"2024-04-18T12:29:39","slug":"vase-en-gres-ancien-signature-a-identifiee","status":"publish","type":"product","link":"https:\/\/marneantic.com\/index.php\/produit\/vase-en-gres-ancien-signature-a-identifiee\/","title":{"rendered":"Vase en gr\u00e8s ancien &#8211; signature a identifi\u00e9e"},"content":{"rendered":"","protected":false},"excerpt":{"rendered":"<p><b><span style=\"font-family: Arial; font-size: large;\">Vase en gr\u00e8s ancien &#8211; sign\u00e9, signature a identifi\u00e9e, en parfait \u00e9tat<\/span><\/b><\/p>\n<div><b><span style=\"font-family: Arial; font-size: large;\">hauteur: 38.5cm<\/span><\/b><\/div>\n<div><b><span style=\"font-family: Arial; font-size: large;\">diam\u00e8tre:17cm<\/span><\/b><\/div>\n","protected":false},"featured_media":23397,"comment_status":"open","ping_status":"closed","template":"","meta":{"_et_pb_use_builder":"","_et_pb_old_content":"","_et_gb_content_width":""},"product_cat":[14,8],"product_tag":[],"_links":{"self":[{"href":"https:\/\/marneantic.com\/index.php\/wp-json\/wp\/v2\/product\/23392"}],"collection":[{"href":"https:\/\/marneantic.com\/index.php\/wp-json\/wp\/v2\/product"}],"about":[{"href":"https:\/\/marneantic.com\/index.php\/wp-json\/wp\/v2\/types\/product"}],"replies":[{"embeddable":true,"href":"https:\/\/marneantic.com\/index.php\/wp-json\/wp\/v2\/comments?post=23392"}],"wp:featuredmedia":[{"embeddable":true,"href":"https:\/\/marneantic.com\/index.php\/wp-json\/wp\/v2\/media\/23397"}],"wp:attachment":[{"href":"https:\/\/marneantic.com\/index.php\/wp-json\/wp\/v2\/media?parent=23392"}],"wp:term":[{"taxonomy":"product_cat","embeddable":true,"href":"https:\/\/marneantic.com\/index.php\/wp-json\/wp\/v2\/product_cat?post=23392"},{"taxonomy":"product_tag","embeddable":true,"href":"https:\/\/marneantic.com\/index.php\/wp-json\/wp\/v2\/product_tag?post=23392"}],"curies":[{"name":"wp","href":"https:\/\/api.w.org\/{rel}","templated":true}]}}