{"id":23463,"date":"2024-04-25T16:57:38","date_gmt":"2024-04-25T15:57:38","guid":{"rendered":"https:\/\/marneantic.com\/?post_type=product&#038;p=23463"},"modified":"2024-04-25T16:59:36","modified_gmt":"2024-04-25T15:59:36","slug":"vase-art-nouveau-emaille-decor-branche-de-platane","status":"publish","type":"product","link":"https:\/\/marneantic.com\/index.php\/produit\/vase-art-nouveau-emaille-decor-branche-de-platane\/","title":{"rendered":"Vase art nouveau \u00e9maill\u00e9, d\u00e9cor branche de platane"},"content":{"rendered":"","protected":false},"excerpt":{"rendered":"<p><span style=\"font-family: Arial; font-size: large;\"><b>Vase art nouveau \u00e9maill\u00e9, d\u00e9cor branche de platane, en tr\u00e8s bon \u00e9tat, non sign\u00e9<\/b><\/span><\/p>\n<div><b><span style=\"font-family: Arial; font-size: large;\">hauteur: 26.7cm<\/span><\/b><\/div>\n<div><b><span style=\"font-family: Arial; font-size: large;\">diam\u00e8tre:9cm<\/span><\/b><\/div>\n","protected":false},"featured_media":23467,"comment_status":"open","ping_status":"closed","template":"","meta":{"_et_pb_use_builder":"","_et_pb_old_content":"","_et_gb_content_width":""},"product_cat":[14,8],"product_tag":[],"_links":{"self":[{"href":"https:\/\/marneantic.com\/index.php\/wp-json\/wp\/v2\/product\/23463"}],"collection":[{"href":"https:\/\/marneantic.com\/index.php\/wp-json\/wp\/v2\/product"}],"about":[{"href":"https:\/\/marneantic.com\/index.php\/wp-json\/wp\/v2\/types\/product"}],"replies":[{"embeddable":true,"href":"https:\/\/marneantic.com\/index.php\/wp-json\/wp\/v2\/comments?post=23463"}],"wp:featuredmedia":[{"embeddable":true,"href":"https:\/\/marneantic.com\/index.php\/wp-json\/wp\/v2\/media\/23467"}],"wp:attachment":[{"href":"https:\/\/marneantic.com\/index.php\/wp-json\/wp\/v2\/media?parent=23463"}],"wp:term":[{"taxonomy":"product_cat","embeddable":true,"href":"https:\/\/marneantic.com\/index.php\/wp-json\/wp\/v2\/product_cat?post=23463"},{"taxonomy":"product_tag","embeddable":true,"href":"https:\/\/marneantic.com\/index.php\/wp-json\/wp\/v2\/product_tag?post=23463"}],"curies":[{"name":"wp","href":"https:\/\/api.w.org\/{rel}","templated":true}]}}