{"id":23468,"date":"2024-04-26T13:30:49","date_gmt":"2024-04-26T12:30:49","guid":{"rendered":"https:\/\/marneantic.com\/?post_type=product&#038;p=23468"},"modified":"2024-04-26T14:17:07","modified_gmt":"2024-04-26T13:17:07","slug":"nappe-ancienne-damassee-monogrammee-280x210cm","status":"publish","type":"product","link":"https:\/\/marneantic.com\/index.php\/produit\/nappe-ancienne-damassee-monogrammee-280x210cm\/","title":{"rendered":"Nappe ancienne damass\u00e9e monogramm\u00e9e 280x210cm"},"content":{"rendered":"","protected":false},"excerpt":{"rendered":"<p><b>Nappe ancienne damass\u00e9e monogramm\u00e9e BG a 2 endroits &#8211; 280x210cm en bon \u00e9tat. Linge v\u00e9rifi\u00e9, lav\u00e9 et repass\u00e9, pr\u00e9sence de 2 reprises anciennes et pr\u00e9sence de taches qui ont \u00e9chapp\u00e9es a notre lavage<\/b><\/p>\n","protected":false},"featured_media":23474,"comment_status":"open","ping_status":"closed","template":"","meta":{"_et_pb_use_builder":"","_et_pb_old_content":"","_et_gb_content_width":""},"product_cat":[33],"product_tag":[],"_links":{"self":[{"href":"https:\/\/marneantic.com\/index.php\/wp-json\/wp\/v2\/product\/23468"}],"collection":[{"href":"https:\/\/marneantic.com\/index.php\/wp-json\/wp\/v2\/product"}],"about":[{"href":"https:\/\/marneantic.com\/index.php\/wp-json\/wp\/v2\/types\/product"}],"replies":[{"embeddable":true,"href":"https:\/\/marneantic.com\/index.php\/wp-json\/wp\/v2\/comments?post=23468"}],"wp:featuredmedia":[{"embeddable":true,"href":"https:\/\/marneantic.com\/index.php\/wp-json\/wp\/v2\/media\/23474"}],"wp:attachment":[{"href":"https:\/\/marneantic.com\/index.php\/wp-json\/wp\/v2\/media?parent=23468"}],"wp:term":[{"taxonomy":"product_cat","embeddable":true,"href":"https:\/\/marneantic.com\/index.php\/wp-json\/wp\/v2\/product_cat?post=23468"},{"taxonomy":"product_tag","embeddable":true,"href":"https:\/\/marneantic.com\/index.php\/wp-json\/wp\/v2\/product_tag?post=23468"}],"curies":[{"name":"wp","href":"https:\/\/api.w.org\/{rel}","templated":true}]}}