{"id":23511,"date":"2024-04-30T13:36:28","date_gmt":"2024-04-30T12:36:28","guid":{"rendered":"https:\/\/marneantic.com\/?post_type=product&#038;p=23511"},"modified":"2024-05-02T07:15:14","modified_gmt":"2024-05-02T06:15:14","slug":"12-grandes-serviettes-de-table-anciennes-damassees-monogrammees","status":"publish","type":"product","link":"https:\/\/marneantic.com\/index.php\/produit\/12-grandes-serviettes-de-table-anciennes-damassees-monogrammees\/","title":{"rendered":"12 grandes serviettes de table anciennes damass\u00e9es, monogramm\u00e9es"},"content":{"rendered":"","protected":false},"excerpt":{"rendered":"<p>12 grandes serviettes de table anciennes damass\u00e9es, monogramm\u00e9es BC ou BG en bon \u00e9tat, dimensions:90x75cm, linge lav\u00e9, repass\u00e9 et v\u00e9rifi\u00e9<\/p>\n","protected":false},"featured_media":23512,"comment_status":"open","ping_status":"closed","template":"","meta":{"_et_pb_use_builder":"","_et_pb_old_content":"","_et_gb_content_width":""},"product_cat":[33],"product_tag":[],"_links":{"self":[{"href":"https:\/\/marneantic.com\/index.php\/wp-json\/wp\/v2\/product\/23511"}],"collection":[{"href":"https:\/\/marneantic.com\/index.php\/wp-json\/wp\/v2\/product"}],"about":[{"href":"https:\/\/marneantic.com\/index.php\/wp-json\/wp\/v2\/types\/product"}],"replies":[{"embeddable":true,"href":"https:\/\/marneantic.com\/index.php\/wp-json\/wp\/v2\/comments?post=23511"}],"wp:featuredmedia":[{"embeddable":true,"href":"https:\/\/marneantic.com\/index.php\/wp-json\/wp\/v2\/media\/23512"}],"wp:attachment":[{"href":"https:\/\/marneantic.com\/index.php\/wp-json\/wp\/v2\/media?parent=23511"}],"wp:term":[{"taxonomy":"product_cat","embeddable":true,"href":"https:\/\/marneantic.com\/index.php\/wp-json\/wp\/v2\/product_cat?post=23511"},{"taxonomy":"product_tag","embeddable":true,"href":"https:\/\/marneantic.com\/index.php\/wp-json\/wp\/v2\/product_tag?post=23511"}],"curies":[{"name":"wp","href":"https:\/\/api.w.org\/{rel}","templated":true}]}}