{"id":23611,"date":"2024-05-19T15:03:33","date_gmt":"2024-05-19T14:03:33","guid":{"rendered":"https:\/\/marneantic.com\/?post_type=product&#038;p=23611"},"modified":"2024-05-19T15:05:16","modified_gmt":"2024-05-19T14:05:16","slug":"moutardier-ancien-forme-bouchon-de-champagne-sezanne","status":"publish","type":"product","link":"https:\/\/marneantic.com\/index.php\/produit\/moutardier-ancien-forme-bouchon-de-champagne-sezanne\/","title":{"rendered":"Moutardier ancien forme \u00a0\u00bb bouchon de champagne \u00a0\u00bb S\u00e9zanne"},"content":{"rendered":"","protected":false},"excerpt":{"rendered":"<p><span style=\"font-size: large;\"><span style=\"font-family: Arial;\">moutardier ancien en forme de bouchon de champagne marqu\u00e9 \u00a0\u00bb S\u00e9zanne \u00ab\u00a0en fa\u00efence de Villenauxe, en tr\u00e8s bon \u00e9tat<\/span><\/span><\/p>\n<div><span style=\"font-size: large;\"><span style=\"font-family: Arial;\">hauteur:11cm<\/span><\/span><\/div>\n<div><span style=\"font-size: large;\"><span style=\"font-family: Arial;\">diametre:8cm<\/span><\/span><\/div>\n","protected":false},"featured_media":23612,"comment_status":"closed","ping_status":"closed","template":"","meta":{"_et_pb_use_builder":"","_et_pb_old_content":"","_et_gb_content_width":""},"product_cat":[13,10],"product_tag":[],"_links":{"self":[{"href":"https:\/\/marneantic.com\/index.php\/wp-json\/wp\/v2\/product\/23611"}],"collection":[{"href":"https:\/\/marneantic.com\/index.php\/wp-json\/wp\/v2\/product"}],"about":[{"href":"https:\/\/marneantic.com\/index.php\/wp-json\/wp\/v2\/types\/product"}],"replies":[{"embeddable":true,"href":"https:\/\/marneantic.com\/index.php\/wp-json\/wp\/v2\/comments?post=23611"}],"wp:featuredmedia":[{"embeddable":true,"href":"https:\/\/marneantic.com\/index.php\/wp-json\/wp\/v2\/media\/23612"}],"wp:attachment":[{"href":"https:\/\/marneantic.com\/index.php\/wp-json\/wp\/v2\/media?parent=23611"}],"wp:term":[{"taxonomy":"product_cat","embeddable":true,"href":"https:\/\/marneantic.com\/index.php\/wp-json\/wp\/v2\/product_cat?post=23611"},{"taxonomy":"product_tag","embeddable":true,"href":"https:\/\/marneantic.com\/index.php\/wp-json\/wp\/v2\/product_tag?post=23611"}],"curies":[{"name":"wp","href":"https:\/\/api.w.org\/{rel}","templated":true}]}}