{"id":23627,"date":"2024-05-24T12:15:01","date_gmt":"2024-05-24T11:15:01","guid":{"rendered":"https:\/\/marneantic.com\/?post_type=product&#038;p=23627"},"modified":"2025-04-11T19:48:15","modified_gmt":"2025-04-11T18:48:15","slug":"tasse-a-cafe-ancienne-en-porcelaine-de-limoges-16","status":"publish","type":"product","link":"https:\/\/marneantic.com\/index.php\/produit\/tasse-a-cafe-ancienne-en-porcelaine-de-limoges-16\/","title":{"rendered":"Tasse a caf\u00e9 ancienne en porcelaine de Limoges"},"content":{"rendered":"","protected":false},"excerpt":{"rendered":"<p>Tasse a caf\u00e9 ancienne en porcelaine de Limoges, manufacture\u00a0 LECLAIR, ann\u00e9es 50&prime;, en tr\u00e8s bon \u00e9tat, tasse hauteur:6.3cm,diametre:5.9cm,diam\u00e8tre soucoupe:12.5cm<\/p>\n","protected":false},"featured_media":23628,"comment_status":"closed","ping_status":"closed","template":"","meta":{"_et_pb_use_builder":"","_et_pb_old_content":"","_et_gb_content_width":""},"product_cat":[26,7],"product_tag":[],"_links":{"self":[{"href":"https:\/\/marneantic.com\/index.php\/wp-json\/wp\/v2\/product\/23627"}],"collection":[{"href":"https:\/\/marneantic.com\/index.php\/wp-json\/wp\/v2\/product"}],"about":[{"href":"https:\/\/marneantic.com\/index.php\/wp-json\/wp\/v2\/types\/product"}],"replies":[{"embeddable":true,"href":"https:\/\/marneantic.com\/index.php\/wp-json\/wp\/v2\/comments?post=23627"}],"wp:featuredmedia":[{"embeddable":true,"href":"https:\/\/marneantic.com\/index.php\/wp-json\/wp\/v2\/media\/23628"}],"wp:attachment":[{"href":"https:\/\/marneantic.com\/index.php\/wp-json\/wp\/v2\/media?parent=23627"}],"wp:term":[{"taxonomy":"product_cat","embeddable":true,"href":"https:\/\/marneantic.com\/index.php\/wp-json\/wp\/v2\/product_cat?post=23627"},{"taxonomy":"product_tag","embeddable":true,"href":"https:\/\/marneantic.com\/index.php\/wp-json\/wp\/v2\/product_tag?post=23627"}],"curies":[{"name":"wp","href":"https:\/\/api.w.org\/{rel}","templated":true}]}}