{"id":23631,"date":"2024-05-24T12:24:14","date_gmt":"2024-05-24T11:24:14","guid":{"rendered":"https:\/\/marneantic.com\/?post_type=product&#038;p=23631"},"modified":"2024-05-24T12:29:41","modified_gmt":"2024-05-24T11:29:41","slug":"tasse-a-cafe-contemporaine-en-porcelaine-de-limoges-deshoulieres-pour-hechter","status":"publish","type":"product","link":"https:\/\/marneantic.com\/index.php\/produit\/tasse-a-cafe-contemporaine-en-porcelaine-de-limoges-deshoulieres-pour-hechter\/","title":{"rendered":"Tasse a caf\u00e9 contemporaine en porcelaine de Limoges, Deshouli\u00e8res pour HECHTER"},"content":{"rendered":"","protected":false},"excerpt":{"rendered":"<div>\n<div>\n<p><strong><span style=\"font-size: large;\">Tasse a caf\u00e9 contemporaine en porcelaine de Limoges, Deshouli\u00e8res pour Daniel HECHTER, en \u00e9tat neuf<\/span><\/strong><\/p>\n<div><strong>diametre:5.5cm<\/strong><\/div>\n<div><strong>hauteur:5.8cm<\/strong><\/div>\n<div><strong><span style=\"font-family: Arial; font-size: large;\">diam\u00e8tre<\/span> soucoupe:12.3cm<\/strong><\/div>\n<\/div>\n<\/div>\n<div><\/div>\n<div><\/div>\n","protected":false},"featured_media":23632,"comment_status":"closed","ping_status":"closed","template":"","meta":{"_et_pb_use_builder":"","_et_pb_old_content":"","_et_gb_content_width":""},"product_cat":[26,7],"product_tag":[],"_links":{"self":[{"href":"https:\/\/marneantic.com\/index.php\/wp-json\/wp\/v2\/product\/23631"}],"collection":[{"href":"https:\/\/marneantic.com\/index.php\/wp-json\/wp\/v2\/product"}],"about":[{"href":"https:\/\/marneantic.com\/index.php\/wp-json\/wp\/v2\/types\/product"}],"replies":[{"embeddable":true,"href":"https:\/\/marneantic.com\/index.php\/wp-json\/wp\/v2\/comments?post=23631"}],"wp:featuredmedia":[{"embeddable":true,"href":"https:\/\/marneantic.com\/index.php\/wp-json\/wp\/v2\/media\/23632"}],"wp:attachment":[{"href":"https:\/\/marneantic.com\/index.php\/wp-json\/wp\/v2\/media?parent=23631"}],"wp:term":[{"taxonomy":"product_cat","embeddable":true,"href":"https:\/\/marneantic.com\/index.php\/wp-json\/wp\/v2\/product_cat?post=23631"},{"taxonomy":"product_tag","embeddable":true,"href":"https:\/\/marneantic.com\/index.php\/wp-json\/wp\/v2\/product_tag?post=23631"}],"curies":[{"name":"wp","href":"https:\/\/api.w.org\/{rel}","templated":true}]}}