{"id":23657,"date":"2024-05-28T12:57:25","date_gmt":"2024-05-28T11:57:25","guid":{"rendered":"https:\/\/marneantic.com\/?post_type=product&#038;p=23657"},"modified":"2024-11-02T14:38:57","modified_gmt":"2024-11-02T13:38:57","slug":"drap-ancien-310x220cm-retour-brode","status":"publish","type":"product","link":"https:\/\/marneantic.com\/index.php\/produit\/drap-ancien-310x220cm-retour-brode\/","title":{"rendered":"Drap ancien 310x220cm &#8211; retour brod\u00e9"},"content":{"rendered":"","protected":false},"excerpt":{"rendered":"<p>Drap ancien 310x220cm &#8211; retour brod\u00e9, en bon \u00e9tat ( il se peut que sur nos pi\u00e8ces de linge des petites taches aient \u00e9chapp\u00e9es a notre lavage), linge v\u00e9rifi\u00e9, lav\u00e9 et repass\u00e9<\/p>\n","protected":false},"featured_media":23660,"comment_status":"open","ping_status":"closed","template":"","meta":{"_et_pb_use_builder":"","_et_pb_old_content":"","_et_gb_content_width":""},"product_cat":[33],"product_tag":[],"_links":{"self":[{"href":"https:\/\/marneantic.com\/index.php\/wp-json\/wp\/v2\/product\/23657"}],"collection":[{"href":"https:\/\/marneantic.com\/index.php\/wp-json\/wp\/v2\/product"}],"about":[{"href":"https:\/\/marneantic.com\/index.php\/wp-json\/wp\/v2\/types\/product"}],"replies":[{"embeddable":true,"href":"https:\/\/marneantic.com\/index.php\/wp-json\/wp\/v2\/comments?post=23657"}],"wp:featuredmedia":[{"embeddable":true,"href":"https:\/\/marneantic.com\/index.php\/wp-json\/wp\/v2\/media\/23660"}],"wp:attachment":[{"href":"https:\/\/marneantic.com\/index.php\/wp-json\/wp\/v2\/media?parent=23657"}],"wp:term":[{"taxonomy":"product_cat","embeddable":true,"href":"https:\/\/marneantic.com\/index.php\/wp-json\/wp\/v2\/product_cat?post=23657"},{"taxonomy":"product_tag","embeddable":true,"href":"https:\/\/marneantic.com\/index.php\/wp-json\/wp\/v2\/product_tag?post=23657"}],"curies":[{"name":"wp","href":"https:\/\/api.w.org\/{rel}","templated":true}]}}