{"id":23661,"date":"2024-05-28T13:43:32","date_gmt":"2024-05-28T12:43:32","guid":{"rendered":"https:\/\/marneantic.com\/?post_type=product&#038;p=23661"},"modified":"2024-05-28T13:43:45","modified_gmt":"2024-05-28T12:43:45","slug":"cloche-de-table-a-fromage-ancienne-en-cristal","status":"publish","type":"product","link":"https:\/\/marneantic.com\/index.php\/produit\/cloche-de-table-a-fromage-ancienne-en-cristal\/","title":{"rendered":"Cloche de table a fromage ancienne en cristal"},"content":{"rendered":"","protected":false},"excerpt":{"rendered":"<p><b>Cloche de table a fromage ancienne en cristal en bon \u00e9tat (deux micros \u00e9clats a signaler, poign\u00e9e et rebord inferieur)\u00a0<\/b><\/p>\n<div><b>diametre:16cm<\/b><\/div>\n<div><b>hauteur interieur:10.5cm<\/b><\/div>\n<div><b>hauteur poign\u00e9e:15cm<\/b><\/div>\n","protected":false},"featured_media":23662,"comment_status":"open","ping_status":"closed","template":"","meta":{"_et_pb_use_builder":"","_et_pb_old_content":"","_et_gb_content_width":""},"product_cat":[13,10],"product_tag":[],"_links":{"self":[{"href":"https:\/\/marneantic.com\/index.php\/wp-json\/wp\/v2\/product\/23661"}],"collection":[{"href":"https:\/\/marneantic.com\/index.php\/wp-json\/wp\/v2\/product"}],"about":[{"href":"https:\/\/marneantic.com\/index.php\/wp-json\/wp\/v2\/types\/product"}],"replies":[{"embeddable":true,"href":"https:\/\/marneantic.com\/index.php\/wp-json\/wp\/v2\/comments?post=23661"}],"wp:featuredmedia":[{"embeddable":true,"href":"https:\/\/marneantic.com\/index.php\/wp-json\/wp\/v2\/media\/23662"}],"wp:attachment":[{"href":"https:\/\/marneantic.com\/index.php\/wp-json\/wp\/v2\/media?parent=23661"}],"wp:term":[{"taxonomy":"product_cat","embeddable":true,"href":"https:\/\/marneantic.com\/index.php\/wp-json\/wp\/v2\/product_cat?post=23661"},{"taxonomy":"product_tag","embeddable":true,"href":"https:\/\/marneantic.com\/index.php\/wp-json\/wp\/v2\/product_tag?post=23661"}],"curies":[{"name":"wp","href":"https:\/\/api.w.org\/{rel}","templated":true}]}}