{"id":23665,"date":"2024-05-28T13:50:47","date_gmt":"2024-05-28T12:50:47","guid":{"rendered":"https:\/\/marneantic.com\/?post_type=product&#038;p=23665"},"modified":"2026-03-11T08:35:51","modified_gmt":"2026-03-11T07:35:51","slug":"saliere-ancienne-en-porcelaine-japonaise","status":"publish","type":"product","link":"https:\/\/marneantic.com\/index.php\/produit\/saliere-ancienne-en-porcelaine-japonaise\/","title":{"rendered":"Sali\u00e8re ancienne en porcelaine Japonaise"},"content":{"rendered":"","protected":false},"excerpt":{"rendered":"<p>Sali\u00e8re ancienne en porcelaine Japonaise, en tr\u00e8s bon \u00e9tat, hauteur:5.5cm, diametre:5cm<\/p>\n","protected":false},"featured_media":23669,"comment_status":"closed","ping_status":"closed","template":"","meta":{"_et_pb_use_builder":"","_et_pb_old_content":"","_et_gb_content_width":""},"product_cat":[13,10],"product_tag":[],"_links":{"self":[{"href":"https:\/\/marneantic.com\/index.php\/wp-json\/wp\/v2\/product\/23665"}],"collection":[{"href":"https:\/\/marneantic.com\/index.php\/wp-json\/wp\/v2\/product"}],"about":[{"href":"https:\/\/marneantic.com\/index.php\/wp-json\/wp\/v2\/types\/product"}],"replies":[{"embeddable":true,"href":"https:\/\/marneantic.com\/index.php\/wp-json\/wp\/v2\/comments?post=23665"}],"wp:featuredmedia":[{"embeddable":true,"href":"https:\/\/marneantic.com\/index.php\/wp-json\/wp\/v2\/media\/23669"}],"wp:attachment":[{"href":"https:\/\/marneantic.com\/index.php\/wp-json\/wp\/v2\/media?parent=23665"}],"wp:term":[{"taxonomy":"product_cat","embeddable":true,"href":"https:\/\/marneantic.com\/index.php\/wp-json\/wp\/v2\/product_cat?post=23665"},{"taxonomy":"product_tag","embeddable":true,"href":"https:\/\/marneantic.com\/index.php\/wp-json\/wp\/v2\/product_tag?post=23665"}],"curies":[{"name":"wp","href":"https:\/\/api.w.org\/{rel}","templated":true}]}}