{"id":23825,"date":"2024-06-27T14:53:39","date_gmt":"2024-06-27T13:53:39","guid":{"rendered":"https:\/\/marneantic.com\/?post_type=product&#038;p=23825"},"modified":"2024-06-27T15:02:18","modified_gmt":"2024-06-27T14:02:18","slug":"timbale-ancienne-art-deco-en-metal-argente-en-ecrin-2","status":"publish","type":"product","link":"https:\/\/marneantic.com\/index.php\/produit\/timbale-ancienne-art-deco-en-metal-argente-en-ecrin-2\/","title":{"rendered":"Timbale ancienne art d\u00e9co en m\u00e9tal argent\u00e9, en \u00e9crin"},"content":{"rendered":"","protected":false},"excerpt":{"rendered":"<p>Timbale ancienne art d\u00e9co en m\u00e9tal argent\u00e9, en tr\u00e8s bon \u00e9tat, hauteur:7.8cm, diametre:5.9cm, \u00e9crin avec traces d&rsquo;usage<\/p>\n","protected":false},"featured_media":23826,"comment_status":"closed","ping_status":"closed","template":"","meta":{"_et_pb_use_builder":"","_et_pb_old_content":"","_et_gb_content_width":""},"product_cat":[13,12,10,44],"product_tag":[],"_links":{"self":[{"href":"https:\/\/marneantic.com\/index.php\/wp-json\/wp\/v2\/product\/23825"}],"collection":[{"href":"https:\/\/marneantic.com\/index.php\/wp-json\/wp\/v2\/product"}],"about":[{"href":"https:\/\/marneantic.com\/index.php\/wp-json\/wp\/v2\/types\/product"}],"replies":[{"embeddable":true,"href":"https:\/\/marneantic.com\/index.php\/wp-json\/wp\/v2\/comments?post=23825"}],"wp:featuredmedia":[{"embeddable":true,"href":"https:\/\/marneantic.com\/index.php\/wp-json\/wp\/v2\/media\/23826"}],"wp:attachment":[{"href":"https:\/\/marneantic.com\/index.php\/wp-json\/wp\/v2\/media?parent=23825"}],"wp:term":[{"taxonomy":"product_cat","embeddable":true,"href":"https:\/\/marneantic.com\/index.php\/wp-json\/wp\/v2\/product_cat?post=23825"},{"taxonomy":"product_tag","embeddable":true,"href":"https:\/\/marneantic.com\/index.php\/wp-json\/wp\/v2\/product_tag?post=23825"}],"curies":[{"name":"wp","href":"https:\/\/api.w.org\/{rel}","templated":true}]}}