{"id":23841,"date":"2024-07-01T14:26:28","date_gmt":"2024-07-01T13:26:28","guid":{"rendered":"https:\/\/marneantic.com\/?post_type=product&#038;p=23841"},"modified":"2024-07-01T14:36:30","modified_gmt":"2024-07-01T13:36:30","slug":"12-couteaux-a-fromage-art-deco-anciens-en-ecrin","status":"publish","type":"product","link":"https:\/\/marneantic.com\/index.php\/produit\/12-couteaux-a-fromage-art-deco-anciens-en-ecrin\/","title":{"rendered":"12 couteaux a fromage art-d\u00e9co anciens en \u00e9crin"},"content":{"rendered":"","protected":false},"excerpt":{"rendered":"<p>12 couteaux a fromage art-d\u00e9co anciens, manches en corne et lames inox, en tr\u00e8s bon \u00e9tat, longueur:19.5cm, \u00e9crin d&rsquo;origine avec traces d&rsquo;usage<\/p>\n","protected":false},"featured_media":23842,"comment_status":"closed","ping_status":"closed","template":"","meta":{"_et_pb_use_builder":"","_et_pb_old_content":"","_et_gb_content_width":""},"product_cat":[10,44,29],"product_tag":[],"_links":{"self":[{"href":"https:\/\/marneantic.com\/index.php\/wp-json\/wp\/v2\/product\/23841"}],"collection":[{"href":"https:\/\/marneantic.com\/index.php\/wp-json\/wp\/v2\/product"}],"about":[{"href":"https:\/\/marneantic.com\/index.php\/wp-json\/wp\/v2\/types\/product"}],"replies":[{"embeddable":true,"href":"https:\/\/marneantic.com\/index.php\/wp-json\/wp\/v2\/comments?post=23841"}],"wp:featuredmedia":[{"embeddable":true,"href":"https:\/\/marneantic.com\/index.php\/wp-json\/wp\/v2\/media\/23842"}],"wp:attachment":[{"href":"https:\/\/marneantic.com\/index.php\/wp-json\/wp\/v2\/media?parent=23841"}],"wp:term":[{"taxonomy":"product_cat","embeddable":true,"href":"https:\/\/marneantic.com\/index.php\/wp-json\/wp\/v2\/product_cat?post=23841"},{"taxonomy":"product_tag","embeddable":true,"href":"https:\/\/marneantic.com\/index.php\/wp-json\/wp\/v2\/product_tag?post=23841"}],"curies":[{"name":"wp","href":"https:\/\/api.w.org\/{rel}","templated":true}]}}