{"id":23901,"date":"2024-07-02T16:32:47","date_gmt":"2024-07-02T15:32:47","guid":{"rendered":"https:\/\/marneantic.com\/?post_type=product&#038;p=23901"},"modified":"2024-07-02T16:39:09","modified_gmt":"2024-07-02T15:39:09","slug":"coupe-sur-pied-ancienne-en-verre-moule-3","status":"publish","type":"product","link":"https:\/\/marneantic.com\/index.php\/produit\/coupe-sur-pied-ancienne-en-verre-moule-3\/","title":{"rendered":"Coupe sur pied ancienne en verre moul\u00e9"},"content":{"rendered":"","protected":false},"excerpt":{"rendered":"<p>coupe sur pied ancienne en verre moul\u00e9, en tr\u00e8s bon \u00e9tat,hauteur:13cm,diam\u00e8tre:21cm,diam\u00e8tre du pied:10cm<\/p>\n","protected":false},"featured_media":23902,"comment_status":"closed","ping_status":"closed","template":"","meta":{"_et_pb_use_builder":"","_et_pb_old_content":"","_et_gb_content_width":""},"product_cat":[13,10,14,8,11],"product_tag":[],"_links":{"self":[{"href":"https:\/\/marneantic.com\/index.php\/wp-json\/wp\/v2\/product\/23901"}],"collection":[{"href":"https:\/\/marneantic.com\/index.php\/wp-json\/wp\/v2\/product"}],"about":[{"href":"https:\/\/marneantic.com\/index.php\/wp-json\/wp\/v2\/types\/product"}],"replies":[{"embeddable":true,"href":"https:\/\/marneantic.com\/index.php\/wp-json\/wp\/v2\/comments?post=23901"}],"wp:featuredmedia":[{"embeddable":true,"href":"https:\/\/marneantic.com\/index.php\/wp-json\/wp\/v2\/media\/23902"}],"wp:attachment":[{"href":"https:\/\/marneantic.com\/index.php\/wp-json\/wp\/v2\/media?parent=23901"}],"wp:term":[{"taxonomy":"product_cat","embeddable":true,"href":"https:\/\/marneantic.com\/index.php\/wp-json\/wp\/v2\/product_cat?post=23901"},{"taxonomy":"product_tag","embeddable":true,"href":"https:\/\/marneantic.com\/index.php\/wp-json\/wp\/v2\/product_tag?post=23901"}],"curies":[{"name":"wp","href":"https:\/\/api.w.org\/{rel}","templated":true}]}}