{"id":23911,"date":"2024-07-03T14:51:36","date_gmt":"2024-07-03T13:51:36","guid":{"rendered":"https:\/\/marneantic.com\/?post_type=product&#038;p=23911"},"modified":"2024-07-03T15:01:15","modified_gmt":"2024-07-03T14:01:15","slug":"christofle12-petites-cuilleres-art-deco-anciennes-en-metal-argente-en-ecrin","status":"publish","type":"product","link":"https:\/\/marneantic.com\/index.php\/produit\/christofle12-petites-cuilleres-art-deco-anciennes-en-metal-argente-en-ecrin\/","title":{"rendered":"CHRISTOFLE:12 petites cuill\u00e8res art d\u00e9co anciennes en m\u00e9tal argent\u00e9, en \u00e9crin"},"content":{"rendered":"","protected":false},"excerpt":{"rendered":"<p>CHRISTOFLE:12 petites cuill\u00e8res art deco anciennes en m\u00e9tal argent\u00e9, en \u00e9crin, en bon \u00e9tat,longueur:13.9cm<\/p>\n","protected":false},"featured_media":23913,"comment_status":"closed","ping_status":"closed","template":"","meta":{"_et_pb_use_builder":"","_et_pb_old_content":"","_et_gb_content_width":""},"product_cat":[12,10,44,29],"product_tag":[],"_links":{"self":[{"href":"https:\/\/marneantic.com\/index.php\/wp-json\/wp\/v2\/product\/23911"}],"collection":[{"href":"https:\/\/marneantic.com\/index.php\/wp-json\/wp\/v2\/product"}],"about":[{"href":"https:\/\/marneantic.com\/index.php\/wp-json\/wp\/v2\/types\/product"}],"replies":[{"embeddable":true,"href":"https:\/\/marneantic.com\/index.php\/wp-json\/wp\/v2\/comments?post=23911"}],"wp:featuredmedia":[{"embeddable":true,"href":"https:\/\/marneantic.com\/index.php\/wp-json\/wp\/v2\/media\/23913"}],"wp:attachment":[{"href":"https:\/\/marneantic.com\/index.php\/wp-json\/wp\/v2\/media?parent=23911"}],"wp:term":[{"taxonomy":"product_cat","embeddable":true,"href":"https:\/\/marneantic.com\/index.php\/wp-json\/wp\/v2\/product_cat?post=23911"},{"taxonomy":"product_tag","embeddable":true,"href":"https:\/\/marneantic.com\/index.php\/wp-json\/wp\/v2\/product_tag?post=23911"}],"curies":[{"name":"wp","href":"https:\/\/api.w.org\/{rel}","templated":true}]}}