{"id":23947,"date":"2024-07-08T15:13:15","date_gmt":"2024-07-08T14:13:15","guid":{"rendered":"https:\/\/marneantic.com\/?post_type=product&#038;p=23947"},"modified":"2024-07-08T15:16:52","modified_gmt":"2024-07-08T14:16:52","slug":"carzou-jean-1907-2000-lithographie-originale-homme-de-profil-signee-numerotee","status":"publish","type":"product","link":"https:\/\/marneantic.com\/index.php\/produit\/carzou-jean-1907-2000-lithographie-originale-homme-de-profil-signee-numerotee\/","title":{"rendered":"CARZOU Jean (1907-2000) Lithographie Originale homme de Profil, sign\u00e9e, num\u00e9rot\u00e9e"},"content":{"rendered":"","protected":false},"excerpt":{"rendered":"<p><b><span style=\"font-family: Arial; font-size: large;\">CARZOU Jean (1907-2000) Lithographie Originale homme de Profil, dat\u00e9e 1975, sign\u00e9e, num\u00e9rot\u00e9e 99\/300<\/span><\/b><\/p>\n<div><b><span style=\"font-family: Arial; font-size: large;\">parfait \u00e9tat<\/span><\/b><\/div>\n<div><b><span style=\"font-family: Arial; font-size: large;\">bel encadrement de qualit\u00e9<\/span><\/b><\/div>\n<div><b><span style=\"font-family: Arial; font-size: large;\">dimensions cadre: 65x55cm<\/span><\/b><\/div>\n<div><b><span style=\"font-family: Arial; font-size: large;\">dimensions litho: 40x29cm<\/span><\/b><\/div>\n<div>\n<p><strong>pas d&rsquo;exp\u00e9dition postale pour cet article, remise en main propre domicile ou livraison possible en r\u00e9gion parisienne ou France(conditions sur demande)<\/strong><\/p>\n<\/div>\n","protected":false},"featured_media":23952,"comment_status":"open","ping_status":"closed","template":"","meta":{"_et_pb_use_builder":"","_et_pb_old_content":"","_et_gb_content_width":""},"product_cat":[8,16],"product_tag":[],"_links":{"self":[{"href":"https:\/\/marneantic.com\/index.php\/wp-json\/wp\/v2\/product\/23947"}],"collection":[{"href":"https:\/\/marneantic.com\/index.php\/wp-json\/wp\/v2\/product"}],"about":[{"href":"https:\/\/marneantic.com\/index.php\/wp-json\/wp\/v2\/types\/product"}],"replies":[{"embeddable":true,"href":"https:\/\/marneantic.com\/index.php\/wp-json\/wp\/v2\/comments?post=23947"}],"wp:featuredmedia":[{"embeddable":true,"href":"https:\/\/marneantic.com\/index.php\/wp-json\/wp\/v2\/media\/23952"}],"wp:attachment":[{"href":"https:\/\/marneantic.com\/index.php\/wp-json\/wp\/v2\/media?parent=23947"}],"wp:term":[{"taxonomy":"product_cat","embeddable":true,"href":"https:\/\/marneantic.com\/index.php\/wp-json\/wp\/v2\/product_cat?post=23947"},{"taxonomy":"product_tag","embeddable":true,"href":"https:\/\/marneantic.com\/index.php\/wp-json\/wp\/v2\/product_tag?post=23947"}],"curies":[{"name":"wp","href":"https:\/\/api.w.org\/{rel}","templated":true}]}}