{"id":24073,"date":"2024-07-26T13:28:28","date_gmt":"2024-07-26T12:28:28","guid":{"rendered":"https:\/\/marneantic.com\/?post_type=product&#038;p=24073"},"modified":"2024-07-26T13:39:33","modified_gmt":"2024-07-26T12:39:33","slug":"service-a-condiments-anglais-ancien-en-metal-argente-et-cristal-bleu","status":"publish","type":"product","link":"https:\/\/marneantic.com\/index.php\/produit\/service-a-condiments-anglais-ancien-en-metal-argente-et-cristal-bleu\/","title":{"rendered":"Service a condiments Anglais ancien en m\u00e9tal argent\u00e9 et cristal bleu"},"content":{"rendered":"","protected":false},"excerpt":{"rendered":"<p><span style=\"font-size: large;\"><span style=\"font-family: Arial;\">Service a condiments Anglais ancien en m\u00e9tal argent\u00e9, poin\u00e7on EPNS et cristal bleu, complet avec petite cuill\u00e8re en cristal en tr\u00e8s bon \u00e9tat, diam\u00e8tre des 2 salerons: 6cm, hauteur: 5cm, diam\u00e8tre du moutardier: 4.2cm, hauteur avec poign\u00e9e: 4.5cm<\/span><\/span><\/p>\n","protected":false},"featured_media":24074,"comment_status":"open","ping_status":"closed","template":"","meta":{"_et_pb_use_builder":"","_et_pb_old_content":"","_et_gb_content_width":""},"product_cat":[13,10],"product_tag":[],"_links":{"self":[{"href":"https:\/\/marneantic.com\/index.php\/wp-json\/wp\/v2\/product\/24073"}],"collection":[{"href":"https:\/\/marneantic.com\/index.php\/wp-json\/wp\/v2\/product"}],"about":[{"href":"https:\/\/marneantic.com\/index.php\/wp-json\/wp\/v2\/types\/product"}],"replies":[{"embeddable":true,"href":"https:\/\/marneantic.com\/index.php\/wp-json\/wp\/v2\/comments?post=24073"}],"wp:featuredmedia":[{"embeddable":true,"href":"https:\/\/marneantic.com\/index.php\/wp-json\/wp\/v2\/media\/24074"}],"wp:attachment":[{"href":"https:\/\/marneantic.com\/index.php\/wp-json\/wp\/v2\/media?parent=24073"}],"wp:term":[{"taxonomy":"product_cat","embeddable":true,"href":"https:\/\/marneantic.com\/index.php\/wp-json\/wp\/v2\/product_cat?post=24073"},{"taxonomy":"product_tag","embeddable":true,"href":"https:\/\/marneantic.com\/index.php\/wp-json\/wp\/v2\/product_tag?post=24073"}],"curies":[{"name":"wp","href":"https:\/\/api.w.org\/{rel}","templated":true}]}}