{"id":24093,"date":"2024-08-20T13:47:53","date_gmt":"2024-08-20T12:47:53","guid":{"rendered":"https:\/\/marneantic.com\/?post_type=product&#038;p=24093"},"modified":"2024-08-20T13:54:09","modified_gmt":"2024-08-20T12:54:09","slug":"coquetier-ancien-en-metal-argente-5","status":"publish","type":"product","link":"https:\/\/marneantic.com\/index.php\/produit\/coquetier-ancien-en-metal-argente-5\/","title":{"rendered":"Coquetier ancien en m\u00e9tal argent\u00e9"},"content":{"rendered":"","protected":false},"excerpt":{"rendered":"<p>Coquetier ancien en m\u00e9tal argent\u00e9 poin\u00e7onn\u00e9, d\u00e9cor de personnages faisant la ronde, en tr\u00e8s bon \u00e9tat,diametre:4.7cm,hauteur:4.7cm<\/p>\n","protected":false},"featured_media":24094,"comment_status":"closed","ping_status":"closed","template":"","meta":{"_et_pb_use_builder":"","_et_pb_old_content":"","_et_gb_content_width":""},"product_cat":[13,12,10],"product_tag":[],"_links":{"self":[{"href":"https:\/\/marneantic.com\/index.php\/wp-json\/wp\/v2\/product\/24093"}],"collection":[{"href":"https:\/\/marneantic.com\/index.php\/wp-json\/wp\/v2\/product"}],"about":[{"href":"https:\/\/marneantic.com\/index.php\/wp-json\/wp\/v2\/types\/product"}],"replies":[{"embeddable":true,"href":"https:\/\/marneantic.com\/index.php\/wp-json\/wp\/v2\/comments?post=24093"}],"wp:featuredmedia":[{"embeddable":true,"href":"https:\/\/marneantic.com\/index.php\/wp-json\/wp\/v2\/media\/24094"}],"wp:attachment":[{"href":"https:\/\/marneantic.com\/index.php\/wp-json\/wp\/v2\/media?parent=24093"}],"wp:term":[{"taxonomy":"product_cat","embeddable":true,"href":"https:\/\/marneantic.com\/index.php\/wp-json\/wp\/v2\/product_cat?post=24093"},{"taxonomy":"product_tag","embeddable":true,"href":"https:\/\/marneantic.com\/index.php\/wp-json\/wp\/v2\/product_tag?post=24093"}],"curies":[{"name":"wp","href":"https:\/\/api.w.org\/{rel}","templated":true}]}}