{"id":24107,"date":"2024-08-27T13:45:22","date_gmt":"2024-08-27T12:45:22","guid":{"rendered":"https:\/\/marneantic.com\/?post_type=product&#038;p=24107"},"modified":"2024-08-27T13:46:43","modified_gmt":"2024-08-27T12:46:43","slug":"chaise-miniature-en-bronze-xixeme-2","status":"publish","type":"product","link":"https:\/\/marneantic.com\/index.php\/produit\/chaise-miniature-en-bronze-xixeme-2\/","title":{"rendered":"Chaise miniature en bronze &#8211; XIX\u00e8me"},"content":{"rendered":"","protected":false},"excerpt":{"rendered":"<table align=\"center\">\n<tbody>\n<tr>\n<td>\n<div id=\"ds_div\">\n<p><span style=\"font-family: Arial; font-size: large;\">chaise miniature en bronze dor\u00e9 XIX\u00e8me<\/span><\/p>\n<p><span style=\"font-family: Arial; font-size: large;\">Parfait \u00e9tat . l&rsquo;assise a \u00e9t\u00e9 refaite, tissu motif toile de Jouy<\/span><\/p>\n<p><span style=\"font-family: Arial; font-size: large;\">Dimensions 11 x 5.5 x 5.5 cm<\/span><\/p>\n<p><span style=\"font-family: Arial; font-size: large;\">mobilier de poup\u00e9e ou pique aiguille<\/span><\/p>\n<\/div>\n<\/td>\n<\/tr>\n<\/tbody>\n<\/table>\n","protected":false},"featured_media":24108,"comment_status":"open","ping_status":"closed","template":"","meta":{"_et_pb_use_builder":"","_et_pb_old_content":"","_et_gb_content_width":""},"product_cat":[14],"product_tag":[],"_links":{"self":[{"href":"https:\/\/marneantic.com\/index.php\/wp-json\/wp\/v2\/product\/24107"}],"collection":[{"href":"https:\/\/marneantic.com\/index.php\/wp-json\/wp\/v2\/product"}],"about":[{"href":"https:\/\/marneantic.com\/index.php\/wp-json\/wp\/v2\/types\/product"}],"replies":[{"embeddable":true,"href":"https:\/\/marneantic.com\/index.php\/wp-json\/wp\/v2\/comments?post=24107"}],"wp:featuredmedia":[{"embeddable":true,"href":"https:\/\/marneantic.com\/index.php\/wp-json\/wp\/v2\/media\/24108"}],"wp:attachment":[{"href":"https:\/\/marneantic.com\/index.php\/wp-json\/wp\/v2\/media?parent=24107"}],"wp:term":[{"taxonomy":"product_cat","embeddable":true,"href":"https:\/\/marneantic.com\/index.php\/wp-json\/wp\/v2\/product_cat?post=24107"},{"taxonomy":"product_tag","embeddable":true,"href":"https:\/\/marneantic.com\/index.php\/wp-json\/wp\/v2\/product_tag?post=24107"}],"curies":[{"name":"wp","href":"https:\/\/api.w.org\/{rel}","templated":true}]}}