{"id":24160,"date":"2024-08-29T16:01:40","date_gmt":"2024-08-29T15:01:40","guid":{"rendered":"https:\/\/marneantic.com\/?post_type=product&#038;p=24160"},"modified":"2024-08-29T16:09:35","modified_gmt":"2024-08-29T15:09:35","slug":"plumier-ancien-decolier-en-bois-lithographie","status":"publish","type":"product","link":"https:\/\/marneantic.com\/index.php\/produit\/plumier-ancien-decolier-en-bois-lithographie\/","title":{"rendered":"Plumier ancien d&rsquo;\u00e9colier en bois lithographi\u00e9"},"content":{"rendered":"","protected":false},"excerpt":{"rendered":"<p><strong>Plumier ancien d&rsquo;\u00e9colier en bois lithographi\u00e9 avec un porte-plume en bois<\/strong><\/p>\n<div><span style=\"font-size: large;\"><b>bon \u00e9tat d&rsquo;usage, usure du d\u00e9cor et traces d&rsquo;usage<\/b><\/span><\/div>\n<div><span style=\"font-size: large;\"><b>longueur:.22.5m<\/b><\/span><\/div>\n<div><span style=\"font-size: large;\"><b>largeur:7.5cm<\/b><\/span><\/div>\n<div><span style=\"font-size: large;\"><b>hauteur:1.6cm<\/b><\/span><\/div>\n","protected":false},"featured_media":24161,"comment_status":"open","ping_status":"closed","template":"","meta":{"_et_pb_use_builder":"","_et_pb_old_content":"","_et_gb_content_width":""},"product_cat":[14],"product_tag":[],"_links":{"self":[{"href":"https:\/\/marneantic.com\/index.php\/wp-json\/wp\/v2\/product\/24160"}],"collection":[{"href":"https:\/\/marneantic.com\/index.php\/wp-json\/wp\/v2\/product"}],"about":[{"href":"https:\/\/marneantic.com\/index.php\/wp-json\/wp\/v2\/types\/product"}],"replies":[{"embeddable":true,"href":"https:\/\/marneantic.com\/index.php\/wp-json\/wp\/v2\/comments?post=24160"}],"wp:featuredmedia":[{"embeddable":true,"href":"https:\/\/marneantic.com\/index.php\/wp-json\/wp\/v2\/media\/24161"}],"wp:attachment":[{"href":"https:\/\/marneantic.com\/index.php\/wp-json\/wp\/v2\/media?parent=24160"}],"wp:term":[{"taxonomy":"product_cat","embeddable":true,"href":"https:\/\/marneantic.com\/index.php\/wp-json\/wp\/v2\/product_cat?post=24160"},{"taxonomy":"product_tag","embeddable":true,"href":"https:\/\/marneantic.com\/index.php\/wp-json\/wp\/v2\/product_tag?post=24160"}],"curies":[{"name":"wp","href":"https:\/\/api.w.org\/{rel}","templated":true}]}}