{"id":24245,"date":"2024-09-09T14:49:23","date_gmt":"2024-09-09T13:49:23","guid":{"rendered":"https:\/\/marneantic.com\/?post_type=product&#038;p=24245"},"modified":"2024-09-09T14:57:25","modified_gmt":"2024-09-09T13:57:25","slug":"12-couteaux-de-table-anciens-en-ivoire-et-acier-en-ecrin","status":"publish","type":"product","link":"https:\/\/marneantic.com\/index.php\/produit\/12-couteaux-de-table-anciens-en-ivoire-et-acier-en-ecrin\/","title":{"rendered":"12 couteaux de table anciens en ivoire et acier, en \u00e9crin"},"content":{"rendered":"","protected":false},"excerpt":{"rendered":"<p>12 couteaux de table anciens, manches en ivoire(un manche fendu, voir photo) et lames acier(Schmitt a Paris), en \u00e9crin, en bon \u00e9tat, longueur:25.2cm, \u00e9crin d&rsquo;origine avec traces d&rsquo;usage<\/p>\n","protected":false},"featured_media":24246,"comment_status":"closed","ping_status":"closed","template":"","meta":{"_et_pb_use_builder":"","_et_pb_old_content":"","_et_gb_content_width":""},"product_cat":[10,29],"product_tag":[],"_links":{"self":[{"href":"https:\/\/marneantic.com\/index.php\/wp-json\/wp\/v2\/product\/24245"}],"collection":[{"href":"https:\/\/marneantic.com\/index.php\/wp-json\/wp\/v2\/product"}],"about":[{"href":"https:\/\/marneantic.com\/index.php\/wp-json\/wp\/v2\/types\/product"}],"replies":[{"embeddable":true,"href":"https:\/\/marneantic.com\/index.php\/wp-json\/wp\/v2\/comments?post=24245"}],"wp:featuredmedia":[{"embeddable":true,"href":"https:\/\/marneantic.com\/index.php\/wp-json\/wp\/v2\/media\/24246"}],"wp:attachment":[{"href":"https:\/\/marneantic.com\/index.php\/wp-json\/wp\/v2\/media?parent=24245"}],"wp:term":[{"taxonomy":"product_cat","embeddable":true,"href":"https:\/\/marneantic.com\/index.php\/wp-json\/wp\/v2\/product_cat?post=24245"},{"taxonomy":"product_tag","embeddable":true,"href":"https:\/\/marneantic.com\/index.php\/wp-json\/wp\/v2\/product_tag?post=24245"}],"curies":[{"name":"wp","href":"https:\/\/api.w.org\/{rel}","templated":true}]}}